{"id":3317,"date":"2019-11-22T10:48:41","date_gmt":"2019-11-22T10:48:41","guid":{"rendered":"https:\/\/www.hidden-games.de\/?page_id=3317"},"modified":"2020-02-28T14:34:12","modified_gmt":"2020-02-28T14:34:12","slug":"school-trip","status":"publish","type":"page","link":"https:\/\/hiddengames.wabcreative.de\/en\/escape-room-hannover\/team-events\/school-trip\/","title":{"rendered":"School Trip"},"content":{"rendered":"<div class=\"module banner banner--small\" >\n    <div class=\"banner__media\">\n                    \n    <picture\n                class=\"picture  picture--hero\"\n    >\n                <source data-srcset=\"https:\/\/hiddengames.wabcreative.de\/wp-content\/uploads\/2019\/09\/hidden-in-hannover-space-odyssey-800x533.jpg\" media=\"(max-width: 700px)\"\/>\n                <source data-srcset=\"https:\/\/hiddengames.wabcreative.de\/wp-content\/uploads\/2019\/09\/hidden-in-hannover-space-odyssey-1600x1067.jpg\" media=\"(max-width: 860px)\"\/>\n                <img decoding=\"async\"\n            src=\"\"\n            data-srcset=\"https:\/\/hiddengames.wabcreative.de\/wp-content\/uploads\/2019\/09\/hidden-in-hannover-space-odyssey-1600x1067.jpg 1x, https:\/\/hiddengames.wabcreative.de\/wp-content\/uploads\/2019\/09\/hidden-in-hannover-space-odyssey.jpg 2x\"\n            class=\"lazyload picture__image\"\n            alt=\"\"\n            title=\"Hidden in Hannover Space Odyssey\"\/>\n\n        <noscript>\n            <img decoding=\"async\" src=\"https:\/\/hiddengames.wabcreative.de\/wp-content\/uploads\/2019\/09\/hidden-in-hannover-space-odyssey.jpg\" alt=\"\" title=\"Hidden in Hannover Space Odyssey\"\/>\n        <\/noscript>\n    <\/picture>\n\n                <\/div>\n    <div class=\"banner__content container\">\n        <span class=\"topline\">School trip Hannover<\/span>\n                    <h1>The coolest school trip <\/h1>\n        \n        \n        \n                \n    <\/div>\n<\/div>\n\n\n<div class=\"module text-columns text-columns\">\n    <div class=\"container\">\n        \n                            <div class=\"grid grid--big-gaps size--12 size--tp-12 size--m-12\">\n                                    <div class=\"text-columns__item\">\n                                                                        <h2 style=\"text-align: center;\">face the adventure with your class<\/h2>\n<p style=\"text-align: center;\">Are you looking for a very special activity for a school trip in Hannover? Then our Escape Rooms in the city centre are just right for you.<\/p>\n<p style=\"text-align: center;\">In our rooms, the students immerse themselves in adventures for an hour and forget reality. Tricky team tasks lead to the group feeling being trained and communication being promoted.<\/p>\n<p>&nbsp;<\/p>\n\n                                            <\/div>\n                            <\/div>\n                    <\/div>\n<\/div>\n\n\n<div class=\"module icon-list\">\n    <div class=\"icon-list__wrapper\">\n        <div class=\"container\">\n                                        <div class=\"icon-list__grid grid grid--big-gaps size--4 size--tp-6 size--m-12\">\n                                            <div class=\"icon-list__item\">\n                                                            <div class=\"icon-list__icon\">\n                                    \n    <picture\n        style=\"padding-top: 100%\"         class=\"picture \"\n    >\n                <source data-srcset=\"https:\/\/hiddengames.wabcreative.de\/wp-content\/uploads\/2019\/10\/hidden__kompass.svg\" media=\"(max-width: 700px)\"\/>\n                <source data-srcset=\"https:\/\/hiddengames.wabcreative.de\/wp-content\/uploads\/2019\/10\/hidden__kompass.svg\" media=\"(max-width: 860px)\"\/>\n                <img decoding=\"async\"\n            src=\"\"\n            data-srcset=\"https:\/\/hiddengames.wabcreative.de\/wp-content\/uploads\/2019\/10\/hidden__kompass.svg 1x, https:\/\/hiddengames.wabcreative.de\/wp-content\/uploads\/2019\/10\/hidden__kompass.svg 2x\"\n            class=\"lazyload picture__image\"\n            alt=\"\"\n            title=\"hidden__kompass\"\/>\n\n        <noscript>\n            <img decoding=\"async\" src=\"https:\/\/hiddengames.wabcreative.de\/wp-content\/uploads\/2019\/10\/hidden__kompass.svg\" alt=\"\" title=\"hidden__kompass\"\/>\n        <\/noscript>\n    <\/picture>\n\n                                    <\/div>\n                                                        <div>\n                                Up to 28 players at the same time                            <\/div>\n                        <\/div>\n                                            <div class=\"icon-list__item\">\n                                                            <div class=\"icon-list__icon\">\n                                    \n    <picture\n        style=\"padding-top: 100%\"         class=\"picture \"\n    >\n                <source data-srcset=\"https:\/\/hiddengames.wabcreative.de\/wp-content\/uploads\/2019\/10\/hidden__schluessel.svg\" media=\"(max-width: 700px)\"\/>\n                <source data-srcset=\"https:\/\/hiddengames.wabcreative.de\/wp-content\/uploads\/2019\/10\/hidden__schluessel.svg\" media=\"(max-width: 860px)\"\/>\n                <img decoding=\"async\"\n            src=\"\"\n            data-srcset=\"https:\/\/hiddengames.wabcreative.de\/wp-content\/uploads\/2019\/10\/hidden__schluessel.svg 1x, https:\/\/hiddengames.wabcreative.de\/wp-content\/uploads\/2019\/10\/hidden__schluessel.svg 2x\"\n            class=\"lazyload picture__image\"\n            alt=\"\"\n            title=\"hidden__schluessel\"\/>\n\n        <noscript>\n            <img decoding=\"async\" src=\"https:\/\/hiddengames.wabcreative.de\/wp-content\/uploads\/2019\/10\/hidden__schluessel.svg\" alt=\"\" title=\"hidden__schluessel\"\/>\n        <\/noscript>\n    <\/picture>\n\n                                    <\/div>\n                                                        <div>\n                                Demonstrate your teamwork skills                            <\/div>\n                        <\/div>\n                                            <div class=\"icon-list__item\">\n                                                            <div class=\"icon-list__icon\">\n                                    \n    <picture\n        style=\"padding-top: 100%\"         class=\"picture \"\n    >\n                <source data-srcset=\"https:\/\/hiddengames.wabcreative.de\/wp-content\/uploads\/2019\/10\/hidden__boom.svg\" media=\"(max-width: 700px)\"\/>\n                <source data-srcset=\"https:\/\/hiddengames.wabcreative.de\/wp-content\/uploads\/2019\/10\/hidden__boom.svg\" media=\"(max-width: 860px)\"\/>\n                <img decoding=\"async\"\n            src=\"\"\n            data-srcset=\"https:\/\/hiddengames.wabcreative.de\/wp-content\/uploads\/2019\/10\/hidden__boom.svg 1x, https:\/\/hiddengames.wabcreative.de\/wp-content\/uploads\/2019\/10\/hidden__boom.svg 2x\"\n            class=\"lazyload picture__image\"\n            alt=\"\"\n            title=\"hidden__boom\"\/>\n\n        <noscript>\n            <img decoding=\"async\" src=\"https:\/\/hiddengames.wabcreative.de\/wp-content\/uploads\/2019\/10\/hidden__boom.svg\" alt=\"\" title=\"hidden__boom\"\/>\n        <\/noscript>\n    <\/picture>\n\n                                    <\/div>\n                                                        <div>\n                                The absolutely coolest school trip                            <\/div>\n                        <\/div>\n                                    <\/div>\n                    <\/div>\n    <\/div>\n<\/div>\n\n\n<div class=\"module text-columns text-columns\">\n    <div class=\"container\">\n        \n                            <div class=\"grid grid--big-gaps size--6 size--tp-6 size--m-12\">\n                                    <div class=\"text-columns__item\">\n                                                                                                        \n    <picture\n        style=\"padding-top: 66.666666666667%\"         class=\"picture text-columns__picture\"\n    >\n                <source data-srcset=\"https:\/\/hiddengames.wabcreative.de\/wp-content\/uploads\/2019\/10\/hiddeninHannover_welfenverschwoerung-800x533.jpg\" media=\"(max-width: 700px)\"\/>\n                <source data-srcset=\"https:\/\/hiddengames.wabcreative.de\/wp-content\/uploads\/2019\/10\/hiddeninHannover_welfenverschwoerung-1600x1067.jpg\" media=\"(max-width: 860px)\"\/>\n                <img decoding=\"async\"\n            src=\"\"\n            data-srcset=\"https:\/\/hiddengames.wabcreative.de\/wp-content\/uploads\/2019\/10\/hiddeninHannover_welfenverschwoerung-1600x1067.jpg 1x, https:\/\/hiddengames.wabcreative.de\/wp-content\/uploads\/2019\/10\/hiddeninHannover_welfenverschwoerung.jpg 2x\"\n            class=\"lazyload picture__image\"\n            alt=\"\"\n            title=\"hiddeninHannover_welfenverschwoerung\"\/>\n\n        <noscript>\n            <img decoding=\"async\" src=\"https:\/\/hiddengames.wabcreative.de\/wp-content\/uploads\/2019\/10\/hiddeninHannover_welfenverschwoerung.jpg\" alt=\"\" title=\"hiddeninHannover_welfenverschwoerung\"\/>\n        <\/noscript>\n    <\/picture>\n\n                                                                                <h3>PROCEDURE &amp; PRICES<\/h3>\n<p>In each of our Escape Rooms up to 7 students can play at the same time. Up to 28 players can play at the same time. As our location is close to the city centre and the main railway station, it is an ideal starting point for further activities.<\/p>\n<p>The games last about 1.5 hours including a short introduction and debriefing.<\/p>\n<p><em>We have special conditions for school groups, please contact us directly and we will discuss everything else with you and answer any questions you may have.<\/em><\/p>\n\n                                            <\/div>\n                                    <div class=\"text-columns__item\">\n                                                                        \n                                            <\/div>\n                            <\/div>\n                    <\/div>\n<\/div>\n\n\n<div class=\"module reviews\">\n    \n    <picture\n                class=\"picture reviews__image picture--hero\"\n    >\n                <source data-srcset=\"https:\/\/hiddengames.wabcreative.de\/wp-content\/uploads\/2019\/10\/hiddeninHannover_Timezoom-800x533.jpg\" media=\"(max-width: 700px)\"\/>\n                <source data-srcset=\"https:\/\/hiddengames.wabcreative.de\/wp-content\/uploads\/2019\/10\/hiddeninHannover_Timezoom-1600x1067.jpg\" media=\"(max-width: 860px)\"\/>\n                <img decoding=\"async\"\n            src=\"\"\n            data-srcset=\"https:\/\/hiddengames.wabcreative.de\/wp-content\/uploads\/2019\/10\/hiddeninHannover_Timezoom-1600x1067.jpg 1x, https:\/\/hiddengames.wabcreative.de\/wp-content\/uploads\/2019\/10\/hiddeninHannover_Timezoom.jpg 2x\"\n            class=\"lazyload picture__image\"\n            alt=\"\"\n            title=\"hiddeninHannover_Timezoom\"\/>\n\n        <noscript>\n            <img decoding=\"async\" src=\"https:\/\/hiddengames.wabcreative.de\/wp-content\/uploads\/2019\/10\/hiddeninHannover_Timezoom.jpg\" alt=\"\" title=\"hiddeninHannover_Timezoom\"\/>\n        <\/noscript>\n    <\/picture>\n\n        <div class=\"reviews__content\">\n                    <div class=\"slideshow\">\n                <div class=\"slideshow__list\">\n                                            <div class=\"slideshow__item\">\n                                                                                        <span class=\"reviews__stars reviews__stars--5\">5 Stars<\/span>\n                                                        <span class=\"reviews__topline\">What our school trips say<\/span>\n                            <blockquote class=\"reviews__quote\">\n                                <p>Die Welfenverschw\u00f6rung haben wir mit sehr viel Spa\u00df und Freude gespielt. Der Gamemaster war super gut und war ein gro\u00dfes Teil des Puzzles. Danke nochmals. Der Raum ist super eingerichtet, man f\u00fchlt sich wirklich ins Schlo\u00df versetzt. Die R\u00e4tsel sind gut gemacht, wenn teilweise auch recht knifflig. Aber klare Empfehlung.<\/p>\n                            <\/blockquote>\n                            <span class=\"reviews__author\">Boris K.<\/span>\n                        <\/div>\n                                    <\/div>\n            <\/div>\n                        <\/div>\n<\/div>\n\n\n\n<div class=\"module accordion\">\n    <div class=\"container\">\n            <\/div>\n<\/div>\n\n","protected":false},"excerpt":{"rendered":"","protected":false},"author":2,"featured_media":0,"parent":3305,"menu_order":184,"comment_status":"closed","ping_status":"closed","template":"","meta":{"_acf_changed":false,"footnotes":""},"class_list":["post-3317","page","type-page","status-publish","hentry"],"acf":[],"yoast_head":"<!-- This site is optimized with the Yoast SEO Premium plugin v21.3 (Yoast SEO v26.2) - https:\/\/yoast.com\/wordpress\/plugins\/seo\/ -->\n<title>School Trip to the best Escape Rooms - Hidden in Hannover<\/title>\n<meta name=\"description\" content=\"Our Escape Rooms are perfect for your school trip. Recombine the groups, face the challenge and become heroes!\" \/>\n<meta name=\"robots\" content=\"noindex, follow, max-snippet:-1, max-image-preview:large, max-video-preview:-1\" \/>\n<meta property=\"og:locale\" content=\"en_US\" \/>\n<meta property=\"og:type\" content=\"article\" \/>\n<meta property=\"og:title\" content=\"School Trip\" \/>\n<meta property=\"og:description\" content=\"Our Escape Rooms are perfect for your school trip. Recombine the groups, face the challenge and become heroes!\" \/>\n<meta property=\"og:url\" content=\"https:\/\/hiddengames.wabcreative.de\/en\/escape-room-hannover\/team-events\/school-trip\/\" \/>\n<meta property=\"og:site_name\" content=\"Hidden Games\" \/>\n<meta property=\"article:modified_time\" content=\"2020-02-28T14:34:12+00:00\" \/>\n<meta name=\"twitter:card\" content=\"summary_large_image\" \/>\n<script type=\"application\/ld+json\" class=\"yoast-schema-graph\">{\"@context\":\"https:\/\/schema.org\",\"@graph\":[{\"@type\":\"WebPage\",\"@id\":\"https:\/\/hiddengames.wabcreative.de\/en\/escape-room-hannover\/team-events\/school-trip\/\",\"url\":\"https:\/\/hiddengames.wabcreative.de\/en\/escape-room-hannover\/team-events\/school-trip\/\",\"name\":\"School Trip to the best Escape Rooms - Hidden in Hannover\",\"isPartOf\":{\"@id\":\"https:\/\/hiddengames.wabcreative.de\/en\/#website\"},\"datePublished\":\"2019-11-22T10:48:41+00:00\",\"dateModified\":\"2020-02-28T14:34:12+00:00\",\"description\":\"Our Escape Rooms are perfect for your school trip. Recombine the groups, face the challenge and become heroes!\",\"breadcrumb\":{\"@id\":\"https:\/\/hiddengames.wabcreative.de\/en\/escape-room-hannover\/team-events\/school-trip\/#breadcrumb\"},\"inLanguage\":\"en-US\",\"potentialAction\":[{\"@type\":\"ReadAction\",\"target\":[\"https:\/\/hiddengames.wabcreative.de\/en\/escape-room-hannover\/team-events\/school-trip\/\"]}]},{\"@type\":\"BreadcrumbList\",\"@id\":\"https:\/\/hiddengames.wabcreative.de\/en\/escape-room-hannover\/team-events\/school-trip\/#breadcrumb\",\"itemListElement\":[{\"@type\":\"ListItem\",\"position\":1,\"name\":\"Home\",\"item\":\"https:\/\/hiddengames.wabcreative.de\/en\/\"},{\"@type\":\"ListItem\",\"position\":2,\"name\":\"Hannover\",\"item\":\"https:\/\/hiddengames.wabcreative.de\/en\/escape-room-hannover\/\"},{\"@type\":\"ListItem\",\"position\":3,\"name\":\"Team Events\",\"item\":\"https:\/\/hiddengames.wabcreative.de\/en\/escape-room-hannover\/teamevents\/\"},{\"@type\":\"ListItem\",\"position\":4,\"name\":\"School Trip\"}]},{\"@type\":\"WebSite\",\"@id\":\"https:\/\/hiddengames.wabcreative.de\/en\/#website\",\"url\":\"https:\/\/hiddengames.wabcreative.de\/en\/\",\"name\":\"Hidden Games\",\"description\":\"Escape Rooms in Germany and Switzerland\",\"publisher\":{\"@id\":\"https:\/\/hiddengames.wabcreative.de\/en\/#organization\"},\"potentialAction\":[{\"@type\":\"SearchAction\",\"target\":{\"@type\":\"EntryPoint\",\"urlTemplate\":\"https:\/\/hiddengames.wabcreative.de\/en\/?s={search_term_string}\"},\"query-input\":{\"@type\":\"PropertyValueSpecification\",\"valueRequired\":true,\"valueName\":\"search_term_string\"}}],\"inLanguage\":\"en-US\"},{\"@type\":\"Organization\",\"@id\":\"https:\/\/hiddengames.wabcreative.de\/en\/#organization\",\"name\":\"Hidden Games\",\"url\":\"https:\/\/hiddengames.wabcreative.de\/en\/\",\"logo\":{\"@type\":\"ImageObject\",\"inLanguage\":\"en-US\",\"@id\":\"https:\/\/hiddengames.wabcreative.de\/en\/#\/schema\/logo\/image\/\",\"url\":\"https:\/\/www.hidden.games\/wp-content\/uploads\/2021\/03\/hidden_logo_emails_black.jpg\",\"contentUrl\":\"https:\/\/www.hidden.games\/wp-content\/uploads\/2021\/03\/hidden_logo_emails_black.jpg\",\"width\":350,\"height\":156,\"caption\":\"Hidden Games\"},\"image\":{\"@id\":\"https:\/\/hiddengames.wabcreative.de\/en\/#\/schema\/logo\/image\/\"}}]}<\/script>\n<!-- \/ Yoast SEO Premium plugin. -->","yoast_head_json":{"title":"School Trip to the best Escape Rooms - Hidden in Hannover","description":"Our Escape Rooms are perfect for your school trip. Recombine the groups, face the challenge and become heroes!","robots":{"index":"noindex","follow":"follow","max-snippet":"max-snippet:-1","max-image-preview":"max-image-preview:large","max-video-preview":"max-video-preview:-1"},"og_locale":"en_US","og_type":"article","og_title":"School Trip","og_description":"Our Escape Rooms are perfect for your school trip. Recombine the groups, face the challenge and become heroes!","og_url":"https:\/\/hiddengames.wabcreative.de\/en\/escape-room-hannover\/team-events\/school-trip\/","og_site_name":"Hidden Games","article_modified_time":"2020-02-28T14:34:12+00:00","twitter_card":"summary_large_image","schema":{"@context":"https:\/\/schema.org","@graph":[{"@type":"WebPage","@id":"https:\/\/hiddengames.wabcreative.de\/en\/escape-room-hannover\/team-events\/school-trip\/","url":"https:\/\/hiddengames.wabcreative.de\/en\/escape-room-hannover\/team-events\/school-trip\/","name":"School Trip to the best Escape Rooms - Hidden in Hannover","isPartOf":{"@id":"https:\/\/hiddengames.wabcreative.de\/en\/#website"},"datePublished":"2019-11-22T10:48:41+00:00","dateModified":"2020-02-28T14:34:12+00:00","description":"Our Escape Rooms are perfect for your school trip. Recombine the groups, face the challenge and become heroes!","breadcrumb":{"@id":"https:\/\/hiddengames.wabcreative.de\/en\/escape-room-hannover\/team-events\/school-trip\/#breadcrumb"},"inLanguage":"en-US","potentialAction":[{"@type":"ReadAction","target":["https:\/\/hiddengames.wabcreative.de\/en\/escape-room-hannover\/team-events\/school-trip\/"]}]},{"@type":"BreadcrumbList","@id":"https:\/\/hiddengames.wabcreative.de\/en\/escape-room-hannover\/team-events\/school-trip\/#breadcrumb","itemListElement":[{"@type":"ListItem","position":1,"name":"Home","item":"https:\/\/hiddengames.wabcreative.de\/en\/"},{"@type":"ListItem","position":2,"name":"Hannover","item":"https:\/\/hiddengames.wabcreative.de\/en\/escape-room-hannover\/"},{"@type":"ListItem","position":3,"name":"Team Events","item":"https:\/\/hiddengames.wabcreative.de\/en\/escape-room-hannover\/teamevents\/"},{"@type":"ListItem","position":4,"name":"School Trip"}]},{"@type":"WebSite","@id":"https:\/\/hiddengames.wabcreative.de\/en\/#website","url":"https:\/\/hiddengames.wabcreative.de\/en\/","name":"Hidden Games","description":"Escape Rooms in Germany and Switzerland","publisher":{"@id":"https:\/\/hiddengames.wabcreative.de\/en\/#organization"},"potentialAction":[{"@type":"SearchAction","target":{"@type":"EntryPoint","urlTemplate":"https:\/\/hiddengames.wabcreative.de\/en\/?s={search_term_string}"},"query-input":{"@type":"PropertyValueSpecification","valueRequired":true,"valueName":"search_term_string"}}],"inLanguage":"en-US"},{"@type":"Organization","@id":"https:\/\/hiddengames.wabcreative.de\/en\/#organization","name":"Hidden Games","url":"https:\/\/hiddengames.wabcreative.de\/en\/","logo":{"@type":"ImageObject","inLanguage":"en-US","@id":"https:\/\/hiddengames.wabcreative.de\/en\/#\/schema\/logo\/image\/","url":"https:\/\/www.hidden.games\/wp-content\/uploads\/2021\/03\/hidden_logo_emails_black.jpg","contentUrl":"https:\/\/www.hidden.games\/wp-content\/uploads\/2021\/03\/hidden_logo_emails_black.jpg","width":350,"height":156,"caption":"Hidden Games"},"image":{"@id":"https:\/\/hiddengames.wabcreative.de\/en\/#\/schema\/logo\/image\/"}}]}},"_links":{"self":[{"href":"https:\/\/hiddengames.wabcreative.de\/en\/wp-json\/wp\/v2\/pages\/3317","targetHints":{"allow":["GET"]}}],"collection":[{"href":"https:\/\/hiddengames.wabcreative.de\/en\/wp-json\/wp\/v2\/pages"}],"about":[{"href":"https:\/\/hiddengames.wabcreative.de\/en\/wp-json\/wp\/v2\/types\/page"}],"author":[{"embeddable":true,"href":"https:\/\/hiddengames.wabcreative.de\/en\/wp-json\/wp\/v2\/users\/2"}],"replies":[{"embeddable":true,"href":"https:\/\/hiddengames.wabcreative.de\/en\/wp-json\/wp\/v2\/comments?post=3317"}],"version-history":[{"count":3,"href":"https:\/\/hiddengames.wabcreative.de\/en\/wp-json\/wp\/v2\/pages\/3317\/revisions"}],"predecessor-version":[{"id":3513,"href":"https:\/\/hiddengames.wabcreative.de\/en\/wp-json\/wp\/v2\/pages\/3317\/revisions\/3513"}],"up":[{"embeddable":true,"href":"https:\/\/hiddengames.wabcreative.de\/en\/wp-json\/wp\/v2\/pages\/3305"}],"wp:attachment":[{"href":"https:\/\/hiddengames.wabcreative.de\/en\/wp-json\/wp\/v2\/media?parent=3317"}],"curies":[{"name":"wp","href":"https:\/\/api.w.org\/{rel}","templated":true}]}}