{"id":3314,"date":"2019-11-22T10:37:27","date_gmt":"2019-11-22T10:37:27","guid":{"rendered":"https:\/\/www.hidden-games.de\/?page_id=3314"},"modified":"2020-02-28T14:32:36","modified_gmt":"2020-02-28T14:32:36","slug":"childrens-birthday-party","status":"publish","type":"page","link":"https:\/\/hiddengames.wabcreative.de\/en\/escape-room-hannover\/team-events\/childrens-birthday-party\/","title":{"rendered":"Children\u00b4s Birthday Party"},"content":{"rendered":"<div class=\"module banner banner--small\" >\n    <div class=\"banner__media\">\n                    \n    <picture\n                class=\"picture  picture--hero\"\n    >\n                <source data-srcset=\"https:\/\/hiddengames.wabcreative.de\/wp-content\/uploads\/2019\/09\/hidden-in-hannover-space-odyssey-800x533.jpg\" media=\"(max-width: 700px)\"\/>\n                <source data-srcset=\"https:\/\/hiddengames.wabcreative.de\/wp-content\/uploads\/2019\/09\/hidden-in-hannover-space-odyssey-1600x1067.jpg\" media=\"(max-width: 860px)\"\/>\n                <img decoding=\"async\"\n            src=\"\"\n            data-srcset=\"https:\/\/hiddengames.wabcreative.de\/wp-content\/uploads\/2019\/09\/hidden-in-hannover-space-odyssey-1600x1067.jpg 1x, https:\/\/hiddengames.wabcreative.de\/wp-content\/uploads\/2019\/09\/hidden-in-hannover-space-odyssey.jpg 2x\"\n            class=\"lazyload picture__image\"\n            alt=\"\"\n            title=\"Hidden in Hannover Space Odyssey\"\/>\n\n        <noscript>\n            <img decoding=\"async\" src=\"https:\/\/hiddengames.wabcreative.de\/wp-content\/uploads\/2019\/09\/hidden-in-hannover-space-odyssey.jpg\" alt=\"\" title=\"Hidden in Hannover Space Odyssey\"\/>\n        <\/noscript>\n    <\/picture>\n\n                <\/div>\n    <div class=\"banner__content container\">\n        <span class=\"topline\">Escape Room Hannover Children\u00b4s birthday party<\/span>\n                    <h1>Bright children&#8217;s eyes on their birthday<\/h1>\n        \n        \n        \n                \n    <\/div>\n<\/div>\n\n\n<div class=\"module text-columns text-columns\">\n    <div class=\"container\">\n        \n                            <div class=\"grid grid--big-gaps size--12 size--tp-12 size--m-12\">\n                                    <div class=\"text-columns__item\">\n                                                                        <h2 style=\"text-align: center;\">The coolest kids birthday party<\/h2>\n<p style=\"text-align: center;\">Are you looking for a very special activity for a children&#8217;s birthday party in Hanover? Then our Escape Rooms in the city centre are just the right for you.<\/p>\n<p>&nbsp;<\/p>\n\n                                            <\/div>\n                            <\/div>\n                    <\/div>\n<\/div>\n\n\n<div class=\"module icon-list\">\n    <div class=\"icon-list__wrapper\">\n        <div class=\"container\">\n                                        <div class=\"icon-list__grid grid grid--big-gaps size--4 size--tp-6 size--m-12\">\n                                            <div class=\"icon-list__item\">\n                                                            <div class=\"icon-list__icon\">\n                                    \n    <picture\n        style=\"padding-top: 100%\"         class=\"picture \"\n    >\n                <source data-srcset=\"https:\/\/hiddengames.wabcreative.de\/wp-content\/uploads\/2019\/10\/hidden__schatzkarte.svg\" media=\"(max-width: 700px)\"\/>\n                <source data-srcset=\"https:\/\/hiddengames.wabcreative.de\/wp-content\/uploads\/2019\/10\/hidden__schatzkarte.svg\" media=\"(max-width: 860px)\"\/>\n                <img decoding=\"async\"\n            src=\"\"\n            data-srcset=\"https:\/\/hiddengames.wabcreative.de\/wp-content\/uploads\/2019\/10\/hidden__schatzkarte.svg 1x, https:\/\/hiddengames.wabcreative.de\/wp-content\/uploads\/2019\/10\/hidden__schatzkarte.svg 2x\"\n            class=\"lazyload picture__image\"\n            alt=\"\"\n            title=\"hidden__schatzkarte\"\/>\n\n        <noscript>\n            <img decoding=\"async\" src=\"https:\/\/hiddengames.wabcreative.de\/wp-content\/uploads\/2019\/10\/hidden__schatzkarte.svg\" alt=\"\" title=\"hidden__schatzkarte\"\/>\n        <\/noscript>\n    <\/picture>\n\n                                    <\/div>\n                                                        <div>\n                                Suitable for children 10 years and older                            <\/div>\n                        <\/div>\n                                            <div class=\"icon-list__item\">\n                                                            <div class=\"icon-list__icon\">\n                                    \n    <picture\n        style=\"padding-top: 100%\"         class=\"picture \"\n    >\n                <source data-srcset=\"https:\/\/hiddengames.wabcreative.de\/wp-content\/uploads\/2019\/10\/hidden__geschenk.svg\" media=\"(max-width: 700px)\"\/>\n                <source data-srcset=\"https:\/\/hiddengames.wabcreative.de\/wp-content\/uploads\/2019\/10\/hidden__geschenk.svg\" media=\"(max-width: 860px)\"\/>\n                <img decoding=\"async\"\n            src=\"\"\n            data-srcset=\"https:\/\/hiddengames.wabcreative.de\/wp-content\/uploads\/2019\/10\/hidden__geschenk.svg 1x, https:\/\/hiddengames.wabcreative.de\/wp-content\/uploads\/2019\/10\/hidden__geschenk.svg 2x\"\n            class=\"lazyload picture__image\"\n            alt=\"\"\n            title=\"hidden__geschenk\"\/>\n\n        <noscript>\n            <img decoding=\"async\" src=\"https:\/\/hiddengames.wabcreative.de\/wp-content\/uploads\/2019\/10\/hidden__geschenk.svg\" alt=\"\" title=\"hidden__geschenk\"\/>\n        <\/noscript>\n    <\/picture>\n\n                                    <\/div>\n                                                        <div>\n                                Surprises the birthday child with a puzzle box                            <\/div>\n                        <\/div>\n                                            <div class=\"icon-list__item\">\n                                                            <div class=\"icon-list__icon\">\n                                    \n    <picture\n        style=\"padding-top: 100%\"         class=\"picture \"\n    >\n                <source data-srcset=\"https:\/\/hiddengames.wabcreative.de\/wp-content\/uploads\/2019\/10\/hidden__boom.svg\" media=\"(max-width: 700px)\"\/>\n                <source data-srcset=\"https:\/\/hiddengames.wabcreative.de\/wp-content\/uploads\/2019\/10\/hidden__boom.svg\" media=\"(max-width: 860px)\"\/>\n                <img decoding=\"async\"\n            src=\"\"\n            data-srcset=\"https:\/\/hiddengames.wabcreative.de\/wp-content\/uploads\/2019\/10\/hidden__boom.svg 1x, https:\/\/hiddengames.wabcreative.de\/wp-content\/uploads\/2019\/10\/hidden__boom.svg 2x\"\n            class=\"lazyload picture__image\"\n            alt=\"\"\n            title=\"hidden__boom\"\/>\n\n        <noscript>\n            <img decoding=\"async\" src=\"https:\/\/hiddengames.wabcreative.de\/wp-content\/uploads\/2019\/10\/hidden__boom.svg\" alt=\"\" title=\"hidden__boom\"\/>\n        <\/noscript>\n    <\/picture>\n\n                                    <\/div>\n                                                        <div>\n                                Have an unforgettable day                            <\/div>\n                        <\/div>\n                                    <\/div>\n                    <\/div>\n    <\/div>\n<\/div>\n\n\n<div class=\"module text-columns text-columns\">\n    <div class=\"container\">\n        \n                            <div class=\"grid grid--big-gaps size--6 size--tp-6 size--m-12\">\n                                    <div class=\"text-columns__item\">\n                                                                                                            <a href=\"\/en\/escape-room-braunschweig\/play-now\/\">\n                                                        \n    <picture\n        style=\"padding-top: 75%\"         class=\"picture text-columns__picture\"\n    >\n                <source data-srcset=\"https:\/\/hiddengames.wabcreative.de\/wp-content\/uploads\/2019\/10\/hidden_in_hannover_einfuehrungsraum-800x600.jpg\" media=\"(max-width: 700px)\"\/>\n                <source data-srcset=\"https:\/\/hiddengames.wabcreative.de\/wp-content\/uploads\/2019\/10\/hidden_in_hannover_einfuehrungsraum.jpg\" media=\"(max-width: 860px)\"\/>\n                <img decoding=\"async\"\n            src=\"\"\n            data-srcset=\"https:\/\/hiddengames.wabcreative.de\/wp-content\/uploads\/2019\/10\/hidden_in_hannover_einfuehrungsraum.jpg 1x, https:\/\/hiddengames.wabcreative.de\/wp-content\/uploads\/2019\/10\/hidden_in_hannover_einfuehrungsraum.jpg 2x\"\n            class=\"lazyload picture__image\"\n            alt=\"\"\n            title=\"hidden_in_hannover_einfuehrungsraum\"\/>\n\n        <noscript>\n            <img decoding=\"async\" src=\"https:\/\/hiddengames.wabcreative.de\/wp-content\/uploads\/2019\/10\/hidden_in_hannover_einfuehrungsraum.jpg\" alt=\"\" title=\"hidden_in_hannover_einfuehrungsraum\"\/>\n        <\/noscript>\n    <\/picture>\n\n                                                                <\/a>\n                                                                            <h3>ESCAPE ROOMS<\/h3>\n<p>Up to 7 children can play in one room.<\/p>\n<p>We have a total of four rooms at our location in Hanover. \u00a0You can choose whether you prefer to travel through time, board a spaceship or solve the mystery of the Welfen conspiracy.<\/p>\n<p>If the average age at the children&#8217;s birthday party is under 13 years, an adult should come with the children and take a seat in the introduction room with our instructors or play for free. There is always a play leader of us supervises the play group by camera and can give at the correct place also the one or other small reference, if the group does not know further and needs help times.<\/p>\n<p>The average age of the children should not be less than 11 years.<\/p>\n<p><em>The games will take 1.5 hours including a short introduction and debriefing. The cost is 24 Euro per person. Adults accompanying the group play free of charge.<\/em><\/p>\n\n                        <a href='\/en\/escape-room-braunschweig\/play-now\/' class=\"button button--border\">Play now<\/a>                    <\/div>\n                                    <div class=\"text-columns__item\">\n                                                                                                            <a href=\"\/en\/riddle-box\/\">\n                                                        \n    <picture\n        style=\"padding-top: 75%\"         class=\"picture text-columns__picture\"\n    >\n                <source data-srcset=\"https:\/\/hiddengames.wabcreative.de\/wp-content\/uploads\/2019\/10\/Hidden-in-Hamburg_\u00dcberraschungskiste-800x600.jpg\" media=\"(max-width: 700px)\"\/>\n                <source data-srcset=\"https:\/\/hiddengames.wabcreative.de\/wp-content\/uploads\/2019\/10\/Hidden-in-Hamburg_\u00dcberraschungskiste-1600x1200.jpg\" media=\"(max-width: 860px)\"\/>\n                <img decoding=\"async\"\n            src=\"\"\n            data-srcset=\"https:\/\/hiddengames.wabcreative.de\/wp-content\/uploads\/2019\/10\/Hidden-in-Hamburg_\u00dcberraschungskiste-1600x1200.jpg 1x, https:\/\/hiddengames.wabcreative.de\/wp-content\/uploads\/2019\/10\/Hidden-in-Hamburg_\u00dcberraschungskiste.jpg 2x\"\n            class=\"lazyload picture__image\"\n            alt=\"\"\n            title=\"Hidden-in-Hamburg_\u00dcberraschungskiste\"\/>\n\n        <noscript>\n            <img decoding=\"async\" src=\"https:\/\/hiddengames.wabcreative.de\/wp-content\/uploads\/2019\/10\/Hidden-in-Hamburg_\u00dcberraschungskiste.jpg\" alt=\"\" title=\"Hidden-in-Hamburg_\u00dcberraschungskiste\"\/>\n        <\/noscript>\n    <\/picture>\n\n                                                                <\/a>\n                                                                            <h3>SPECIAL OFFERS<\/h3>\n<p>If you would like to surprise the children or the guests in the room once more, then the surprise box is just the thing for you. With the included detective game, the children have another task at home.<\/p>\n\n                        <a href='\/en\/riddle-box\/' class=\"button button--border\">I want a surprise box<\/a>                    <\/div>\n                            <\/div>\n                    <\/div>\n<\/div>\n\n\n<div class=\"module reviews\">\n    \n    <picture\n                class=\"picture reviews__image picture--hero\"\n    >\n                <source data-srcset=\"https:\/\/hiddengames.wabcreative.de\/wp-content\/uploads\/2019\/09\/hidden-in-zuerich-murphys-pub-800x534.jpg\" media=\"(max-width: 700px)\"\/>\n                <source data-srcset=\"https:\/\/hiddengames.wabcreative.de\/wp-content\/uploads\/2019\/09\/hidden-in-zuerich-murphys-pub-1600x1067.jpg\" media=\"(max-width: 860px)\"\/>\n                <img decoding=\"async\"\n            src=\"\"\n            data-srcset=\"https:\/\/hiddengames.wabcreative.de\/wp-content\/uploads\/2019\/09\/hidden-in-zuerich-murphys-pub-1600x1067.jpg 1x, https:\/\/hiddengames.wabcreative.de\/wp-content\/uploads\/2019\/09\/hidden-in-zuerich-murphys-pub.jpg 2x\"\n            class=\"lazyload picture__image\"\n            alt=\"\"\n            title=\"hidden-in-zuerich-murphys-pub\"\/>\n\n        <noscript>\n            <img decoding=\"async\" src=\"https:\/\/hiddengames.wabcreative.de\/wp-content\/uploads\/2019\/09\/hidden-in-zuerich-murphys-pub.jpg\" alt=\"\" title=\"hidden-in-zuerich-murphys-pub\"\/>\n        <\/noscript>\n    <\/picture>\n\n        <div class=\"reviews__content\">\n                    <div class=\"slideshow\">\n                <div class=\"slideshow__list\">\n                                            <div class=\"slideshow__item\">\n                                                                                        <span class=\"reviews__stars reviews__stars--5\">5 Stars<\/span>\n                                                        <span class=\"reviews__topline\">The enthusiastic children<\/span>\n                            <blockquote class=\"reviews__quote\">\n                                <p>Ich habe meinen Geburtstag dort gefeiert und bin total zufrieden und sehr gl\u00fccklich \u00fcber meine Endscheidung:) Die R\u00e4tsel waren spannend und nicht zu schwer zu l\u00f6sen und die Einrichtung und Dekoration waren echt super.<\/p>\n                            <\/blockquote>\n                            <span class=\"reviews__author\">Z. Atalay<\/span>\n                        <\/div>\n                                    <\/div>\n            <\/div>\n                        <\/div>\n<\/div>\n","protected":false},"excerpt":{"rendered":"","protected":false},"author":2,"featured_media":0,"parent":3305,"menu_order":182,"comment_status":"closed","ping_status":"closed","template":"","meta":{"_acf_changed":false,"footnotes":""},"class_list":["post-3314","page","type-page","status-publish","hentry"],"acf":[],"yoast_head":"<!-- This site is optimized with the Yoast SEO Premium plugin v21.3 (Yoast SEO v26.2) - https:\/\/yoast.com\/wordpress\/plugins\/seo\/ -->\n<title>Children\u00b4s Birthday Party - Hidden in Hannover<\/title>\n<meta name=\"description\" content=\"Some of our rooms are already suitable for children! We promise you great team tasks, enchanted scenery and shining children&#039;s eyes!\" \/>\n<meta name=\"robots\" content=\"noindex, follow, max-snippet:-1, max-image-preview:large, max-video-preview:-1\" \/>\n<meta property=\"og:locale\" content=\"en_US\" \/>\n<meta property=\"og:type\" content=\"article\" \/>\n<meta property=\"og:title\" content=\"Children\u00b4s Birthday Party\" \/>\n<meta property=\"og:description\" content=\"Some of our rooms are already suitable for children! We promise you great team tasks, enchanted scenery and shining children&#039;s eyes!\" \/>\n<meta property=\"og:url\" content=\"https:\/\/hiddengames.wabcreative.de\/en\/escape-room-hannover\/team-events\/childrens-birthday-party\/\" \/>\n<meta property=\"og:site_name\" content=\"Hidden Games\" \/>\n<meta property=\"article:modified_time\" content=\"2020-02-28T14:32:36+00:00\" \/>\n<meta name=\"twitter:card\" content=\"summary_large_image\" \/>\n<script type=\"application\/ld+json\" class=\"yoast-schema-graph\">{\"@context\":\"https:\/\/schema.org\",\"@graph\":[{\"@type\":\"WebPage\",\"@id\":\"https:\/\/hiddengames.wabcreative.de\/en\/escape-room-hannover\/team-events\/childrens-birthday-party\/\",\"url\":\"https:\/\/hiddengames.wabcreative.de\/en\/escape-room-hannover\/team-events\/childrens-birthday-party\/\",\"name\":\"Children\u00b4s Birthday Party - Hidden in Hannover\",\"isPartOf\":{\"@id\":\"https:\/\/hiddengames.wabcreative.de\/en\/#website\"},\"datePublished\":\"2019-11-22T10:37:27+00:00\",\"dateModified\":\"2020-02-28T14:32:36+00:00\",\"description\":\"Some of our rooms are already suitable for children! We promise you great team tasks, enchanted scenery and shining children's eyes!\",\"breadcrumb\":{\"@id\":\"https:\/\/hiddengames.wabcreative.de\/en\/escape-room-hannover\/team-events\/childrens-birthday-party\/#breadcrumb\"},\"inLanguage\":\"en-US\",\"potentialAction\":[{\"@type\":\"ReadAction\",\"target\":[\"https:\/\/hiddengames.wabcreative.de\/en\/escape-room-hannover\/team-events\/childrens-birthday-party\/\"]}]},{\"@type\":\"BreadcrumbList\",\"@id\":\"https:\/\/hiddengames.wabcreative.de\/en\/escape-room-hannover\/team-events\/childrens-birthday-party\/#breadcrumb\",\"itemListElement\":[{\"@type\":\"ListItem\",\"position\":1,\"name\":\"Home\",\"item\":\"https:\/\/hiddengames.wabcreative.de\/en\/\"},{\"@type\":\"ListItem\",\"position\":2,\"name\":\"Hannover\",\"item\":\"https:\/\/hiddengames.wabcreative.de\/en\/escape-room-hannover\/\"},{\"@type\":\"ListItem\",\"position\":3,\"name\":\"Team Events\",\"item\":\"https:\/\/hiddengames.wabcreative.de\/en\/escape-room-hannover\/teamevents\/\"},{\"@type\":\"ListItem\",\"position\":4,\"name\":\"Children\u00b4s Birthday Party\"}]},{\"@type\":\"WebSite\",\"@id\":\"https:\/\/hiddengames.wabcreative.de\/en\/#website\",\"url\":\"https:\/\/hiddengames.wabcreative.de\/en\/\",\"name\":\"Hidden Games\",\"description\":\"Escape Rooms in Germany and Switzerland\",\"publisher\":{\"@id\":\"https:\/\/hiddengames.wabcreative.de\/en\/#organization\"},\"potentialAction\":[{\"@type\":\"SearchAction\",\"target\":{\"@type\":\"EntryPoint\",\"urlTemplate\":\"https:\/\/hiddengames.wabcreative.de\/en\/?s={search_term_string}\"},\"query-input\":{\"@type\":\"PropertyValueSpecification\",\"valueRequired\":true,\"valueName\":\"search_term_string\"}}],\"inLanguage\":\"en-US\"},{\"@type\":\"Organization\",\"@id\":\"https:\/\/hiddengames.wabcreative.de\/en\/#organization\",\"name\":\"Hidden Games\",\"url\":\"https:\/\/hiddengames.wabcreative.de\/en\/\",\"logo\":{\"@type\":\"ImageObject\",\"inLanguage\":\"en-US\",\"@id\":\"https:\/\/hiddengames.wabcreative.de\/en\/#\/schema\/logo\/image\/\",\"url\":\"https:\/\/www.hidden.games\/wp-content\/uploads\/2021\/03\/hidden_logo_emails_black.jpg\",\"contentUrl\":\"https:\/\/www.hidden.games\/wp-content\/uploads\/2021\/03\/hidden_logo_emails_black.jpg\",\"width\":350,\"height\":156,\"caption\":\"Hidden Games\"},\"image\":{\"@id\":\"https:\/\/hiddengames.wabcreative.de\/en\/#\/schema\/logo\/image\/\"}}]}<\/script>\n<!-- \/ Yoast SEO Premium plugin. -->","yoast_head_json":{"title":"Children\u00b4s Birthday Party - Hidden in Hannover","description":"Some of our rooms are already suitable for children! We promise you great team tasks, enchanted scenery and shining children's eyes!","robots":{"index":"noindex","follow":"follow","max-snippet":"max-snippet:-1","max-image-preview":"max-image-preview:large","max-video-preview":"max-video-preview:-1"},"og_locale":"en_US","og_type":"article","og_title":"Children\u00b4s Birthday Party","og_description":"Some of our rooms are already suitable for children! We promise you great team tasks, enchanted scenery and shining children's eyes!","og_url":"https:\/\/hiddengames.wabcreative.de\/en\/escape-room-hannover\/team-events\/childrens-birthday-party\/","og_site_name":"Hidden Games","article_modified_time":"2020-02-28T14:32:36+00:00","twitter_card":"summary_large_image","schema":{"@context":"https:\/\/schema.org","@graph":[{"@type":"WebPage","@id":"https:\/\/hiddengames.wabcreative.de\/en\/escape-room-hannover\/team-events\/childrens-birthday-party\/","url":"https:\/\/hiddengames.wabcreative.de\/en\/escape-room-hannover\/team-events\/childrens-birthday-party\/","name":"Children\u00b4s Birthday Party - Hidden in Hannover","isPartOf":{"@id":"https:\/\/hiddengames.wabcreative.de\/en\/#website"},"datePublished":"2019-11-22T10:37:27+00:00","dateModified":"2020-02-28T14:32:36+00:00","description":"Some of our rooms are already suitable for children! We promise you great team tasks, enchanted scenery and shining children's eyes!","breadcrumb":{"@id":"https:\/\/hiddengames.wabcreative.de\/en\/escape-room-hannover\/team-events\/childrens-birthday-party\/#breadcrumb"},"inLanguage":"en-US","potentialAction":[{"@type":"ReadAction","target":["https:\/\/hiddengames.wabcreative.de\/en\/escape-room-hannover\/team-events\/childrens-birthday-party\/"]}]},{"@type":"BreadcrumbList","@id":"https:\/\/hiddengames.wabcreative.de\/en\/escape-room-hannover\/team-events\/childrens-birthday-party\/#breadcrumb","itemListElement":[{"@type":"ListItem","position":1,"name":"Home","item":"https:\/\/hiddengames.wabcreative.de\/en\/"},{"@type":"ListItem","position":2,"name":"Hannover","item":"https:\/\/hiddengames.wabcreative.de\/en\/escape-room-hannover\/"},{"@type":"ListItem","position":3,"name":"Team Events","item":"https:\/\/hiddengames.wabcreative.de\/en\/escape-room-hannover\/teamevents\/"},{"@type":"ListItem","position":4,"name":"Children\u00b4s Birthday Party"}]},{"@type":"WebSite","@id":"https:\/\/hiddengames.wabcreative.de\/en\/#website","url":"https:\/\/hiddengames.wabcreative.de\/en\/","name":"Hidden Games","description":"Escape Rooms in Germany and Switzerland","publisher":{"@id":"https:\/\/hiddengames.wabcreative.de\/en\/#organization"},"potentialAction":[{"@type":"SearchAction","target":{"@type":"EntryPoint","urlTemplate":"https:\/\/hiddengames.wabcreative.de\/en\/?s={search_term_string}"},"query-input":{"@type":"PropertyValueSpecification","valueRequired":true,"valueName":"search_term_string"}}],"inLanguage":"en-US"},{"@type":"Organization","@id":"https:\/\/hiddengames.wabcreative.de\/en\/#organization","name":"Hidden Games","url":"https:\/\/hiddengames.wabcreative.de\/en\/","logo":{"@type":"ImageObject","inLanguage":"en-US","@id":"https:\/\/hiddengames.wabcreative.de\/en\/#\/schema\/logo\/image\/","url":"https:\/\/www.hidden.games\/wp-content\/uploads\/2021\/03\/hidden_logo_emails_black.jpg","contentUrl":"https:\/\/www.hidden.games\/wp-content\/uploads\/2021\/03\/hidden_logo_emails_black.jpg","width":350,"height":156,"caption":"Hidden Games"},"image":{"@id":"https:\/\/hiddengames.wabcreative.de\/en\/#\/schema\/logo\/image\/"}}]}},"_links":{"self":[{"href":"https:\/\/hiddengames.wabcreative.de\/en\/wp-json\/wp\/v2\/pages\/3314","targetHints":{"allow":["GET"]}}],"collection":[{"href":"https:\/\/hiddengames.wabcreative.de\/en\/wp-json\/wp\/v2\/pages"}],"about":[{"href":"https:\/\/hiddengames.wabcreative.de\/en\/wp-json\/wp\/v2\/types\/page"}],"author":[{"embeddable":true,"href":"https:\/\/hiddengames.wabcreative.de\/en\/wp-json\/wp\/v2\/users\/2"}],"replies":[{"embeddable":true,"href":"https:\/\/hiddengames.wabcreative.de\/en\/wp-json\/wp\/v2\/comments?post=3314"}],"version-history":[{"count":4,"href":"https:\/\/hiddengames.wabcreative.de\/en\/wp-json\/wp\/v2\/pages\/3314\/revisions"}],"predecessor-version":[{"id":3580,"href":"https:\/\/hiddengames.wabcreative.de\/en\/wp-json\/wp\/v2\/pages\/3314\/revisions\/3580"}],"up":[{"embeddable":true,"href":"https:\/\/hiddengames.wabcreative.de\/en\/wp-json\/wp\/v2\/pages\/3305"}],"wp:attachment":[{"href":"https:\/\/hiddengames.wabcreative.de\/en\/wp-json\/wp\/v2\/media?parent=3314"}],"curies":[{"name":"wp","href":"https:\/\/api.w.org\/{rel}","templated":true}]}}