{"id":3305,"date":"2019-11-21T14:50:02","date_gmt":"2019-11-21T14:50:02","guid":{"rendered":"https:\/\/www.hidden-games.de\/?page_id=3305"},"modified":"2020-02-28T14:27:41","modified_gmt":"2020-02-28T14:27:41","slug":"team-events","status":"publish","type":"page","link":"https:\/\/hiddengames.wabcreative.de\/en\/escape-room-hannover\/team-events\/","title":{"rendered":"Team Events"},"content":{"rendered":"<div class=\"module banner banner--small\" >\n    <div class=\"banner__media\">\n                    \n    <picture\n                class=\"picture  picture--hero\"\n    >\n                <source data-srcset=\"https:\/\/hiddengames.wabcreative.de\/wp-content\/uploads\/2019\/09\/hidden-in-hannover-space-odyssey-800x533.jpg\" media=\"(max-width: 700px)\"\/>\n                <source data-srcset=\"https:\/\/hiddengames.wabcreative.de\/wp-content\/uploads\/2019\/09\/hidden-in-hannover-space-odyssey-1600x1067.jpg\" media=\"(max-width: 860px)\"\/>\n                <img decoding=\"async\"\n            src=\"\"\n            data-srcset=\"https:\/\/hiddengames.wabcreative.de\/wp-content\/uploads\/2019\/09\/hidden-in-hannover-space-odyssey-1600x1067.jpg 1x, https:\/\/hiddengames.wabcreative.de\/wp-content\/uploads\/2019\/09\/hidden-in-hannover-space-odyssey.jpg 2x\"\n            class=\"lazyload picture__image\"\n            alt=\"\"\n            title=\"Hidden in Hannover Space Odyssey\"\/>\n\n        <noscript>\n            <img decoding=\"async\" src=\"https:\/\/hiddengames.wabcreative.de\/wp-content\/uploads\/2019\/09\/hidden-in-hannover-space-odyssey.jpg\" alt=\"\" title=\"Hidden in Hannover Space Odyssey\"\/>\n        <\/noscript>\n    <\/picture>\n\n                <\/div>\n    <div class=\"banner__content container\">\n        <span class=\"topline\">Team events<\/span>\n                    <h1>The perfect group experience<\/h1>\n        \n        \n        \n                \n    <\/div>\n<\/div>\n\n\n<div class=\"module text text--centered\">\n    <div class=\"container\">\n        <div class=\"text__content\">\n            <h2>Company event, school trip, bachelor party or children&#8217;s birthday party? Everything works for us!<\/h2>\n        <\/div>\n    <\/div>\n<\/div>\n\n\n<div class=\"module text-columns text-columns\">\n    <div class=\"container\">\n        \n                            <div class=\"grid grid--big-gaps size--6 size--tp-6 size--m-12\">\n                                    <div class=\"text-columns__item\">\n                                                                                                            <a href=\"\/en\/escape-room-hannover\/team-events\/company-excursion\/\">\n                                                        \n    <picture\n        style=\"padding-top: 66.6796875%\"         class=\"picture text-columns__picture\"\n    >\n                <source data-srcset=\"https:\/\/hiddengames.wabcreative.de\/wp-content\/uploads\/2019\/09\/hidden-in-hannover-space-odyssey-800x533.jpg\" media=\"(max-width: 700px)\"\/>\n                <source data-srcset=\"https:\/\/hiddengames.wabcreative.de\/wp-content\/uploads\/2019\/09\/hidden-in-hannover-space-odyssey-1600x1067.jpg\" media=\"(max-width: 860px)\"\/>\n                <img decoding=\"async\"\n            src=\"\"\n            data-srcset=\"https:\/\/hiddengames.wabcreative.de\/wp-content\/uploads\/2019\/09\/hidden-in-hannover-space-odyssey-1600x1067.jpg 1x, https:\/\/hiddengames.wabcreative.de\/wp-content\/uploads\/2019\/09\/hidden-in-hannover-space-odyssey.jpg 2x\"\n            class=\"lazyload picture__image\"\n            alt=\"\"\n            title=\"Hidden in Hannover Space Odyssey\"\/>\n\n        <noscript>\n            <img decoding=\"async\" src=\"https:\/\/hiddengames.wabcreative.de\/wp-content\/uploads\/2019\/09\/hidden-in-hannover-space-odyssey.jpg\" alt=\"\" title=\"Hidden in Hannover Space Odyssey\"\/>\n        <\/noscript>\n    <\/picture>\n\n                                                                <\/a>\n                                                                            <h3>Comapny Excursion<\/h3>\n<p>Countless company excursions have already taken place in our premises. The rooms are perfectly suited to escape the daily work routine for an hour, but still to challenge and train the team. Only those who work together will be able to master the missions successfully, and many teams have grown closer together with us.<\/p>\n\n                        <a href='\/en\/escape-room-hannover\/team-events\/company-excursion\/' class=\"button button--border\">Company excursion at Hidden in Hannover<\/a>                    <\/div>\n                                    <div class=\"text-columns__item\">\n                                                                                                            <a href=\"\/en\/escape-room-hannover\/team-events\/bachelor-party\/\">\n                                                        \n    <picture\n        style=\"padding-top: 66.6796875%\"         class=\"picture text-columns__picture\"\n    >\n                <source data-srcset=\"https:\/\/hiddengames.wabcreative.de\/wp-content\/uploads\/2019\/10\/Hidden-in-zuerich_murphys_pub-800x533.jpg\" media=\"(max-width: 700px)\"\/>\n                <source data-srcset=\"https:\/\/hiddengames.wabcreative.de\/wp-content\/uploads\/2019\/10\/Hidden-in-zuerich_murphys_pub-1600x1067.jpg\" media=\"(max-width: 860px)\"\/>\n                <img decoding=\"async\"\n            src=\"\"\n            data-srcset=\"https:\/\/hiddengames.wabcreative.de\/wp-content\/uploads\/2019\/10\/Hidden-in-zuerich_murphys_pub-1600x1067.jpg 1x, https:\/\/hiddengames.wabcreative.de\/wp-content\/uploads\/2019\/10\/Hidden-in-zuerich_murphys_pub.jpg 2x\"\n            class=\"lazyload picture__image\"\n            alt=\"\"\n            title=\"Hidden-in-zuerich_murphys_pub\"\/>\n\n        <noscript>\n            <img decoding=\"async\" src=\"https:\/\/hiddengames.wabcreative.de\/wp-content\/uploads\/2019\/10\/Hidden-in-zuerich_murphys_pub.jpg\" alt=\"\" title=\"Hidden-in-zuerich_murphys_pub\"\/>\n        <\/noscript>\n    <\/picture>\n\n                                                                <\/a>\n                                                                            <h3>BACHELOR PARTY<\/h3>\n<p>Are you planning a bachelor party and looking for a fun activity that the whole group can enjoy? Then you won&#8217;t have to search any longer. Our Escape Rooms really weld your group together and offer the perfect start to a successful bachelor party. You can also surprise the main character with a surprise box and come up with your own puzzle!<\/p>\n\n                        <a href='\/en\/escape-room-hannover\/team-events\/bachelor-party\/' class=\"button button--border\">Plan a bachelor party<\/a>                    <\/div>\n                            <\/div>\n                    <\/div>\n<\/div>\n\n\n<div class=\"module text-columns text-columns\">\n    <div class=\"container\">\n        \n                            <div class=\"grid grid--big-gaps size--6 size--tp-6 size--m-12\">\n                                    <div class=\"text-columns__item\">\n                                                                                                            <a href=\"\/en\/escape-room-hannover\/team-events\/school-trip\/\">\n                                                        \n    <picture\n        style=\"padding-top: 66.6796875%\"         class=\"picture text-columns__picture\"\n    >\n                <source data-srcset=\"https:\/\/hiddengames.wabcreative.de\/wp-content\/uploads\/2019\/10\/hiddeninHannover_Timezoom-800x533.jpg\" media=\"(max-width: 700px)\"\/>\n                <source data-srcset=\"https:\/\/hiddengames.wabcreative.de\/wp-content\/uploads\/2019\/10\/hiddeninHannover_Timezoom-1600x1067.jpg\" media=\"(max-width: 860px)\"\/>\n                <img decoding=\"async\"\n            src=\"\"\n            data-srcset=\"https:\/\/hiddengames.wabcreative.de\/wp-content\/uploads\/2019\/10\/hiddeninHannover_Timezoom-1600x1067.jpg 1x, https:\/\/hiddengames.wabcreative.de\/wp-content\/uploads\/2019\/10\/hiddeninHannover_Timezoom.jpg 2x\"\n            class=\"lazyload picture__image\"\n            alt=\"\"\n            title=\"hiddeninHannover_Timezoom\"\/>\n\n        <noscript>\n            <img decoding=\"async\" src=\"https:\/\/hiddengames.wabcreative.de\/wp-content\/uploads\/2019\/10\/hiddeninHannover_Timezoom.jpg\" alt=\"\" title=\"hiddeninHannover_Timezoom\"\/>\n        <\/noscript>\n    <\/picture>\n\n                                                                <\/a>\n                                                                            <h3>SCHOOL TRIPS<\/h3>\n<p>Our rooms are suitable for different age groups. Come along with your class and spend your school trip with us. Mix the groups up again and demand cooperation among the students. Afterwards we talk about what worked well and where there is still room for improvement.<\/p>\n\n                        <a href='\/en\/escape-room-hannover\/team-events\/school-trip\/' class=\"button button--border\">A very special school trip<\/a>                    <\/div>\n                                    <div class=\"text-columns__item\">\n                                                                                                            <a href=\"\/en\/escape-room-hannover\/team-events\/childrens-birthday-party\/\">\n                                                        \n    <picture\n        style=\"padding-top: 66.666666666667%\"         class=\"picture text-columns__picture\"\n    >\n                <source data-srcset=\"https:\/\/hiddengames.wabcreative.de\/wp-content\/uploads\/2019\/10\/hiddeninHannover_welfenverschwoerung-800x533.jpg\" media=\"(max-width: 700px)\"\/>\n                <source data-srcset=\"https:\/\/hiddengames.wabcreative.de\/wp-content\/uploads\/2019\/10\/hiddeninHannover_welfenverschwoerung-1600x1067.jpg\" media=\"(max-width: 860px)\"\/>\n                <img decoding=\"async\"\n            src=\"\"\n            data-srcset=\"https:\/\/hiddengames.wabcreative.de\/wp-content\/uploads\/2019\/10\/hiddeninHannover_welfenverschwoerung-1600x1067.jpg 1x, https:\/\/hiddengames.wabcreative.de\/wp-content\/uploads\/2019\/10\/hiddeninHannover_welfenverschwoerung.jpg 2x\"\n            class=\"lazyload picture__image\"\n            alt=\"\"\n            title=\"hiddeninHannover_welfenverschwoerung\"\/>\n\n        <noscript>\n            <img decoding=\"async\" src=\"https:\/\/hiddengames.wabcreative.de\/wp-content\/uploads\/2019\/10\/hiddeninHannover_welfenverschwoerung.jpg\" alt=\"\" title=\"hiddeninHannover_welfenverschwoerung\"\/>\n        <\/noscript>\n    <\/picture>\n\n                                                                <\/a>\n                                                                            <h3>CHILDREN`S BIRTHDAY PARTY<\/h3>\n<p>After a successful mission we were allowed to look into the bright eyes of many children! An Escape Room is perfect for your next children&#8217;s birthday party (for children from 10 years). Although our rooms were designed for adults, we were able to learn for ourselves that children often approach tasks much more creatively and beat many groups of adults. Face the challenge and become heroes!<\/p>\n\n                        <a href='\/en\/escape-room-hannover\/team-events\/childrens-birthday-party\/' class=\"button button--border\">An unforgetable children\u00b4s birthday party<\/a>                    <\/div>\n                            <\/div>\n                    <\/div>\n<\/div>\n\n\n<div class=\"module reviews\">\n    \n    <picture\n                class=\"picture reviews__image picture--hero\"\n    >\n                <source data-srcset=\"https:\/\/hiddengames.wabcreative.de\/wp-content\/uploads\/2019\/09\/hidden-in-braunschweig-dragons-of-dublin-800x533.jpg\" media=\"(max-width: 700px)\"\/>\n                <source data-srcset=\"https:\/\/hiddengames.wabcreative.de\/wp-content\/uploads\/2019\/09\/hidden-in-braunschweig-dragons-of-dublin.jpg\" media=\"(max-width: 860px)\"\/>\n                <img decoding=\"async\"\n            src=\"\"\n            data-srcset=\"https:\/\/hiddengames.wabcreative.de\/wp-content\/uploads\/2019\/09\/hidden-in-braunschweig-dragons-of-dublin.jpg 1x, https:\/\/hiddengames.wabcreative.de\/wp-content\/uploads\/2019\/09\/hidden-in-braunschweig-dragons-of-dublin.jpg 2x\"\n            class=\"lazyload picture__image\"\n            alt=\"\"\n            title=\"hidden-in-braunschweig-dragons-of-dublin\"\/>\n\n        <noscript>\n            <img decoding=\"async\" src=\"https:\/\/hiddengames.wabcreative.de\/wp-content\/uploads\/2019\/09\/hidden-in-braunschweig-dragons-of-dublin.jpg\" alt=\"\" title=\"hidden-in-braunschweig-dragons-of-dublin\"\/>\n        <\/noscript>\n    <\/picture>\n\n        <div class=\"reviews__content\">\n                    <div class=\"slideshow\">\n                <div class=\"slideshow__list\">\n                                            <div class=\"slideshow__item\">\n                                                                                        <span class=\"reviews__stars reviews__stars--5\">5 Stars<\/span>\n                                                        <span class=\"reviews__topline\">What the others say<\/span>\n                            <blockquote class=\"reviews__quote\">\n                                <p>Meiner Meinung nach das beste Live Escape Game in Hannover! Wir haben ein Teamevent mit mehreren Kollegen durchgef\u00fchrt und sowohl das Personal als auch die Gestaltung der R\u00e4ume hat uns vollends \u00fcberzeugt. Klare Empfehlung.<\/p>\n                            <\/blockquote>\n                            <span class=\"reviews__author\">Heike B.<\/span>\n                        <\/div>\n                                    <\/div>\n            <\/div>\n                        <\/div>\n<\/div>\n\n\n<div class=\"module teaser teaser--image-text\">\n    <div class=\"container\">\n                    <div class=\"grid grid--vcenter\">\n    <div class=\"teaser__image size--8 size--t-7 size--tp-12\">\n            <\/div>\n    <div class=\"teaser__text size--4 size--t-5 size--tp-12\">\n        <span class=\"topline\"><\/span>\n        <h2><\/h2>\n                    <\/div>\n<\/div>\n            <\/div>\n<\/div>\n","protected":false},"excerpt":{"rendered":"","protected":false},"author":2,"featured_media":0,"parent":3278,"menu_order":176,"comment_status":"closed","ping_status":"closed","template":"","meta":{"_acf_changed":false,"footnotes":""},"class_list":["post-3305","page","type-page","status-publish","hentry"],"acf":[],"yoast_head":"<!-- This site is optimized with the Yoast SEO Premium plugin v21.3 (Yoast SEO v26.2) - https:\/\/yoast.com\/wordpress\/plugins\/seo\/ -->\n<title>Your Team Event in our Escape Rooms at Hidden in Hannover<\/title>\n<meta name=\"description\" content=\"Our four Escape Rooms are perfect for a team event for up to 52 people at the same time. Prove your team spirit !\" \/>\n<meta name=\"robots\" content=\"noindex, follow, max-snippet:-1, max-image-preview:large, max-video-preview:-1\" \/>\n<meta property=\"og:locale\" content=\"en_US\" \/>\n<meta property=\"og:type\" content=\"article\" \/>\n<meta property=\"og:title\" content=\"Team Events\" \/>\n<meta property=\"og:description\" content=\"Our four Escape Rooms are perfect for a team event for up to 52 people at the same time. Prove your team spirit !\" \/>\n<meta property=\"og:url\" content=\"https:\/\/hiddengames.wabcreative.de\/en\/escape-room-hannover\/team-events\/\" \/>\n<meta property=\"og:site_name\" content=\"Hidden Games\" \/>\n<meta property=\"article:modified_time\" content=\"2020-02-28T14:27:41+00:00\" \/>\n<meta name=\"twitter:card\" content=\"summary_large_image\" \/>\n<script type=\"application\/ld+json\" class=\"yoast-schema-graph\">{\"@context\":\"https:\/\/schema.org\",\"@graph\":[{\"@type\":\"WebPage\",\"@id\":\"https:\/\/hiddengames.wabcreative.de\/en\/escape-room-hannover\/team-events\/\",\"url\":\"https:\/\/hiddengames.wabcreative.de\/en\/escape-room-hannover\/team-events\/\",\"name\":\"Your Team Event in our Escape Rooms at Hidden in Hannover\",\"isPartOf\":{\"@id\":\"https:\/\/hiddengames.wabcreative.de\/en\/#website\"},\"datePublished\":\"2019-11-21T14:50:02+00:00\",\"dateModified\":\"2020-02-28T14:27:41+00:00\",\"description\":\"Our four Escape Rooms are perfect for a team event for up to 52 people at the same time. Prove your team spirit !\",\"breadcrumb\":{\"@id\":\"https:\/\/hiddengames.wabcreative.de\/en\/escape-room-hannover\/team-events\/#breadcrumb\"},\"inLanguage\":\"en-US\",\"potentialAction\":[{\"@type\":\"ReadAction\",\"target\":[\"https:\/\/hiddengames.wabcreative.de\/en\/escape-room-hannover\/team-events\/\"]}]},{\"@type\":\"BreadcrumbList\",\"@id\":\"https:\/\/hiddengames.wabcreative.de\/en\/escape-room-hannover\/team-events\/#breadcrumb\",\"itemListElement\":[{\"@type\":\"ListItem\",\"position\":1,\"name\":\"Home\",\"item\":\"https:\/\/hiddengames.wabcreative.de\/en\/\"},{\"@type\":\"ListItem\",\"position\":2,\"name\":\"Hannover\",\"item\":\"https:\/\/hiddengames.wabcreative.de\/en\/escape-room-hannover\/\"},{\"@type\":\"ListItem\",\"position\":3,\"name\":\"Team Events\"}]},{\"@type\":\"WebSite\",\"@id\":\"https:\/\/hiddengames.wabcreative.de\/en\/#website\",\"url\":\"https:\/\/hiddengames.wabcreative.de\/en\/\",\"name\":\"Hidden Games\",\"description\":\"Escape Rooms in Germany and Switzerland\",\"publisher\":{\"@id\":\"https:\/\/hiddengames.wabcreative.de\/en\/#organization\"},\"potentialAction\":[{\"@type\":\"SearchAction\",\"target\":{\"@type\":\"EntryPoint\",\"urlTemplate\":\"https:\/\/hiddengames.wabcreative.de\/en\/?s={search_term_string}\"},\"query-input\":{\"@type\":\"PropertyValueSpecification\",\"valueRequired\":true,\"valueName\":\"search_term_string\"}}],\"inLanguage\":\"en-US\"},{\"@type\":\"Organization\",\"@id\":\"https:\/\/hiddengames.wabcreative.de\/en\/#organization\",\"name\":\"Hidden Games\",\"url\":\"https:\/\/hiddengames.wabcreative.de\/en\/\",\"logo\":{\"@type\":\"ImageObject\",\"inLanguage\":\"en-US\",\"@id\":\"https:\/\/hiddengames.wabcreative.de\/en\/#\/schema\/logo\/image\/\",\"url\":\"https:\/\/www.hidden.games\/wp-content\/uploads\/2021\/03\/hidden_logo_emails_black.jpg\",\"contentUrl\":\"https:\/\/www.hidden.games\/wp-content\/uploads\/2021\/03\/hidden_logo_emails_black.jpg\",\"width\":350,\"height\":156,\"caption\":\"Hidden Games\"},\"image\":{\"@id\":\"https:\/\/hiddengames.wabcreative.de\/en\/#\/schema\/logo\/image\/\"}}]}<\/script>\n<!-- \/ Yoast SEO Premium plugin. -->","yoast_head_json":{"title":"Your Team Event in our Escape Rooms at Hidden in Hannover","description":"Our four Escape Rooms are perfect for a team event for up to 52 people at the same time. Prove your team spirit !","robots":{"index":"noindex","follow":"follow","max-snippet":"max-snippet:-1","max-image-preview":"max-image-preview:large","max-video-preview":"max-video-preview:-1"},"og_locale":"en_US","og_type":"article","og_title":"Team Events","og_description":"Our four Escape Rooms are perfect for a team event for up to 52 people at the same time. Prove your team spirit !","og_url":"https:\/\/hiddengames.wabcreative.de\/en\/escape-room-hannover\/team-events\/","og_site_name":"Hidden Games","article_modified_time":"2020-02-28T14:27:41+00:00","twitter_card":"summary_large_image","schema":{"@context":"https:\/\/schema.org","@graph":[{"@type":"WebPage","@id":"https:\/\/hiddengames.wabcreative.de\/en\/escape-room-hannover\/team-events\/","url":"https:\/\/hiddengames.wabcreative.de\/en\/escape-room-hannover\/team-events\/","name":"Your Team Event in our Escape Rooms at Hidden in Hannover","isPartOf":{"@id":"https:\/\/hiddengames.wabcreative.de\/en\/#website"},"datePublished":"2019-11-21T14:50:02+00:00","dateModified":"2020-02-28T14:27:41+00:00","description":"Our four Escape Rooms are perfect for a team event for up to 52 people at the same time. Prove your team spirit !","breadcrumb":{"@id":"https:\/\/hiddengames.wabcreative.de\/en\/escape-room-hannover\/team-events\/#breadcrumb"},"inLanguage":"en-US","potentialAction":[{"@type":"ReadAction","target":["https:\/\/hiddengames.wabcreative.de\/en\/escape-room-hannover\/team-events\/"]}]},{"@type":"BreadcrumbList","@id":"https:\/\/hiddengames.wabcreative.de\/en\/escape-room-hannover\/team-events\/#breadcrumb","itemListElement":[{"@type":"ListItem","position":1,"name":"Home","item":"https:\/\/hiddengames.wabcreative.de\/en\/"},{"@type":"ListItem","position":2,"name":"Hannover","item":"https:\/\/hiddengames.wabcreative.de\/en\/escape-room-hannover\/"},{"@type":"ListItem","position":3,"name":"Team Events"}]},{"@type":"WebSite","@id":"https:\/\/hiddengames.wabcreative.de\/en\/#website","url":"https:\/\/hiddengames.wabcreative.de\/en\/","name":"Hidden Games","description":"Escape Rooms in Germany and Switzerland","publisher":{"@id":"https:\/\/hiddengames.wabcreative.de\/en\/#organization"},"potentialAction":[{"@type":"SearchAction","target":{"@type":"EntryPoint","urlTemplate":"https:\/\/hiddengames.wabcreative.de\/en\/?s={search_term_string}"},"query-input":{"@type":"PropertyValueSpecification","valueRequired":true,"valueName":"search_term_string"}}],"inLanguage":"en-US"},{"@type":"Organization","@id":"https:\/\/hiddengames.wabcreative.de\/en\/#organization","name":"Hidden Games","url":"https:\/\/hiddengames.wabcreative.de\/en\/","logo":{"@type":"ImageObject","inLanguage":"en-US","@id":"https:\/\/hiddengames.wabcreative.de\/en\/#\/schema\/logo\/image\/","url":"https:\/\/www.hidden.games\/wp-content\/uploads\/2021\/03\/hidden_logo_emails_black.jpg","contentUrl":"https:\/\/www.hidden.games\/wp-content\/uploads\/2021\/03\/hidden_logo_emails_black.jpg","width":350,"height":156,"caption":"Hidden Games"},"image":{"@id":"https:\/\/hiddengames.wabcreative.de\/en\/#\/schema\/logo\/image\/"}}]}},"_links":{"self":[{"href":"https:\/\/hiddengames.wabcreative.de\/en\/wp-json\/wp\/v2\/pages\/3305","targetHints":{"allow":["GET"]}}],"collection":[{"href":"https:\/\/hiddengames.wabcreative.de\/en\/wp-json\/wp\/v2\/pages"}],"about":[{"href":"https:\/\/hiddengames.wabcreative.de\/en\/wp-json\/wp\/v2\/types\/page"}],"author":[{"embeddable":true,"href":"https:\/\/hiddengames.wabcreative.de\/en\/wp-json\/wp\/v2\/users\/2"}],"replies":[{"embeddable":true,"href":"https:\/\/hiddengames.wabcreative.de\/en\/wp-json\/wp\/v2\/comments?post=3305"}],"version-history":[{"count":5,"href":"https:\/\/hiddengames.wabcreative.de\/en\/wp-json\/wp\/v2\/pages\/3305\/revisions"}],"predecessor-version":[{"id":3564,"href":"https:\/\/hiddengames.wabcreative.de\/en\/wp-json\/wp\/v2\/pages\/3305\/revisions\/3564"}],"up":[{"embeddable":true,"href":"https:\/\/hiddengames.wabcreative.de\/en\/wp-json\/wp\/v2\/pages\/3278"}],"wp:attachment":[{"href":"https:\/\/hiddengames.wabcreative.de\/en\/wp-json\/wp\/v2\/media?parent=3305"}],"curies":[{"name":"wp","href":"https:\/\/api.w.org\/{rel}","templated":true}]}}