{"id":3193,"date":"2019-11-15T13:25:47","date_gmt":"2019-11-15T13:25:47","guid":{"rendered":"https:\/\/www.hidden-games.de\/?page_id=3193"},"modified":"2023-01-27T09:50:41","modified_gmt":"2023-01-27T08:50:41","slug":"bachelor-party","status":"publish","type":"page","link":"https:\/\/hiddengames.wabcreative.de\/en\/escape-room-braunschweig\/team-events\/bachelor-party\/","title":{"rendered":"Bachelor Party"},"content":{"rendered":"<div class=\"module banner banner--small\" >\n    <div class=\"banner__media\">\n                    \n    <picture\n                class=\"picture  picture--hero\"\n    >\n                <source data-srcset=\"https:\/\/hiddengames.wabcreative.de\/wp-content\/uploads\/2019\/09\/hidden-in-braunschweig-dragons-of-dublin-800x533.jpg\" media=\"(max-width: 700px)\"\/>\n                <source data-srcset=\"https:\/\/hiddengames.wabcreative.de\/wp-content\/uploads\/2019\/09\/hidden-in-braunschweig-dragons-of-dublin.jpg\" media=\"(max-width: 860px)\"\/>\n                <img decoding=\"async\"\n            src=\"\"\n            data-srcset=\"https:\/\/hiddengames.wabcreative.de\/wp-content\/uploads\/2019\/09\/hidden-in-braunschweig-dragons-of-dublin.jpg 1x, https:\/\/hiddengames.wabcreative.de\/wp-content\/uploads\/2019\/09\/hidden-in-braunschweig-dragons-of-dublin.jpg 2x\"\n            class=\"lazyload picture__image\"\n            alt=\"\"\n            title=\"hidden-in-braunschweig-dragons-of-dublin\"\/>\n\n        <noscript>\n            <img decoding=\"async\" src=\"https:\/\/hiddengames.wabcreative.de\/wp-content\/uploads\/2019\/09\/hidden-in-braunschweig-dragons-of-dublin.jpg\" alt=\"\" title=\"hidden-in-braunschweig-dragons-of-dublin\"\/>\n        <\/noscript>\n    <\/picture>\n\n                <\/div>\n    <div class=\"banner__content container\">\n        <span class=\"topline\">Bachelor Party in Braunschweig<\/span>\n                    <h1>An unforgettable bachelor party<\/h1>\n        \n        \n        \n                \n    <\/div>\n<\/div>\n\n\n<div class=\"module text-columns text-columns\">\n    <div class=\"container\">\n        \n                            <div class=\"grid grid--big-gaps size--12 size--tp-12 size--m-12\">\n                                    <div class=\"text-columns__item\">\n                                                                        <h2 style=\"text-align: center;\">YOUR BACHELOR PARTY WITH US<\/h2>\n<p style=\"text-align: center;\">Face the challenge and become heroes<\/p>\n\n                                            <\/div>\n                            <\/div>\n                    <\/div>\n<\/div>\n\n\n<div class=\"module icon-list\">\n    <div class=\"icon-list__wrapper\">\n        <div class=\"container\">\n                                        <div class=\"icon-list__grid grid grid--big-gaps size--4 size--tp-6 size--m-12\">\n                                            <div class=\"icon-list__item\">\n                                                            <div class=\"icon-list__icon\">\n                                    \n    <picture\n        style=\"padding-top: 100%\"         class=\"picture \"\n    >\n                <source data-srcset=\"https:\/\/hiddengames.wabcreative.de\/wp-content\/uploads\/2019\/10\/hidden__taucherbrille.svg\" media=\"(max-width: 700px)\"\/>\n                <source data-srcset=\"https:\/\/hiddengames.wabcreative.de\/wp-content\/uploads\/2019\/10\/hidden__taucherbrille.svg\" media=\"(max-width: 860px)\"\/>\n                <img decoding=\"async\"\n            src=\"\"\n            data-srcset=\"https:\/\/hiddengames.wabcreative.de\/wp-content\/uploads\/2019\/10\/hidden__taucherbrille.svg 1x, https:\/\/hiddengames.wabcreative.de\/wp-content\/uploads\/2019\/10\/hidden__taucherbrille.svg 2x\"\n            class=\"lazyload picture__image\"\n            alt=\"\"\n            title=\"hidden__taucherbrille\"\/>\n\n        <noscript>\n            <img decoding=\"async\" src=\"https:\/\/hiddengames.wabcreative.de\/wp-content\/uploads\/2019\/10\/hidden__taucherbrille.svg\" alt=\"\" title=\"hidden__taucherbrille\"\/>\n        <\/noscript>\n    <\/picture>\n\n                                    <\/div>\n                                                        <div>\n                                Dive into the adventure together                            <\/div>\n                        <\/div>\n                                            <div class=\"icon-list__item\">\n                                                            <div class=\"icon-list__icon\">\n                                    \n    <picture\n        style=\"padding-top: 100%\"         class=\"picture \"\n    >\n                <source data-srcset=\"https:\/\/hiddengames.wabcreative.de\/wp-content\/uploads\/2019\/10\/hidden__geschenk.svg\" media=\"(max-width: 700px)\"\/>\n                <source data-srcset=\"https:\/\/hiddengames.wabcreative.de\/wp-content\/uploads\/2019\/10\/hidden__geschenk.svg\" media=\"(max-width: 860px)\"\/>\n                <img decoding=\"async\"\n            src=\"\"\n            data-srcset=\"https:\/\/hiddengames.wabcreative.de\/wp-content\/uploads\/2019\/10\/hidden__geschenk.svg 1x, https:\/\/hiddengames.wabcreative.de\/wp-content\/uploads\/2019\/10\/hidden__geschenk.svg 2x\"\n            class=\"lazyload picture__image\"\n            alt=\"\"\n            title=\"hidden__geschenk\"\/>\n\n        <noscript>\n            <img decoding=\"async\" src=\"https:\/\/hiddengames.wabcreative.de\/wp-content\/uploads\/2019\/10\/hidden__geschenk.svg\" alt=\"\" title=\"hidden__geschenk\"\/>\n        <\/noscript>\n    <\/picture>\n\n                                    <\/div>\n                                                        <div>\n                                Surprise the bride or groom with a puzzle box                            <\/div>\n                        <\/div>\n                                            <div class=\"icon-list__item\">\n                                                            <div class=\"icon-list__icon\">\n                                    \n    <picture\n        style=\"padding-top: 100%\"         class=\"picture \"\n    >\n                <source data-srcset=\"https:\/\/hiddengames.wabcreative.de\/wp-content\/uploads\/2019\/10\/hidden__boom.svg\" media=\"(max-width: 700px)\"\/>\n                <source data-srcset=\"https:\/\/hiddengames.wabcreative.de\/wp-content\/uploads\/2019\/10\/hidden__boom.svg\" media=\"(max-width: 860px)\"\/>\n                <img decoding=\"async\"\n            src=\"\"\n            data-srcset=\"https:\/\/hiddengames.wabcreative.de\/wp-content\/uploads\/2019\/10\/hidden__boom.svg 1x, https:\/\/hiddengames.wabcreative.de\/wp-content\/uploads\/2019\/10\/hidden__boom.svg 2x\"\n            class=\"lazyload picture__image\"\n            alt=\"\"\n            title=\"hidden__boom\"\/>\n\n        <noscript>\n            <img decoding=\"async\" src=\"https:\/\/hiddengames.wabcreative.de\/wp-content\/uploads\/2019\/10\/hidden__boom.svg\" alt=\"\" title=\"hidden__boom\"\/>\n        <\/noscript>\n    <\/picture>\n\n                                    <\/div>\n                                                        <div>\n                                The perfect event for a mixed group                            <\/div>\n                        <\/div>\n                                    <\/div>\n                    <\/div>\n    <\/div>\n<\/div>\n\n\n<div class=\"module text-columns text-columns\">\n    <div class=\"container\">\n        \n                            <div class=\"grid grid--big-gaps size--6 size--tp-6 size--m-12\">\n                                    <div class=\"text-columns__item\">\n                                                                                                            <a href=\"\/en\/escape-room-braunschweig\/play-now\/\">\n                                                        \n    <picture\n        style=\"padding-top: 66.927083333333%\"         class=\"picture text-columns__picture\"\n    >\n                <source data-srcset=\"https:\/\/hiddengames.wabcreative.de\/wp-content\/uploads\/2019\/10\/hidden-in-braunschweig_foyer_breit-800x535.jpg\" media=\"(max-width: 700px)\"\/>\n                <source data-srcset=\"https:\/\/hiddengames.wabcreative.de\/wp-content\/uploads\/2019\/10\/hidden-in-braunschweig_foyer_breit-1600x1071.jpg\" media=\"(max-width: 860px)\"\/>\n                <img decoding=\"async\"\n            src=\"\"\n            data-srcset=\"https:\/\/hiddengames.wabcreative.de\/wp-content\/uploads\/2019\/10\/hidden-in-braunschweig_foyer_breit-1600x1071.jpg 1x, https:\/\/hiddengames.wabcreative.de\/wp-content\/uploads\/2019\/10\/hidden-in-braunschweig_foyer_breit.jpg 2x\"\n            class=\"lazyload picture__image\"\n            alt=\"\"\n            title=\"hidden-in-braunschweig_foyer_breit\"\/>\n\n        <noscript>\n            <img decoding=\"async\" src=\"https:\/\/hiddengames.wabcreative.de\/wp-content\/uploads\/2019\/10\/hidden-in-braunschweig_foyer_breit.jpg\" alt=\"\" title=\"hidden-in-braunschweig_foyer_breit\"\/>\n        <\/noscript>\n    <\/picture>\n\n                                                                <\/a>\n                                                                            <h3>SCHEDULE AND PRICES<\/h3>\n<p>In our Escape Rooms you can only win if you work as a team. You&#8217;ll have to solve puzzles, crack locks, decipher clues, and bring your room&#8217;s story to a successful conclusion.<\/p>\n<p>Up to 9 people can play in each of our escape rooms at the same time. If you&#8217;re more, simply split up into 2 or more rooms and play against each other.<\/p>\n<p>&nbsp;<\/p>\n<p><em>The cost of\u00a0 playing at our location at Bruchtorwall is 26 Euro per person. At the Sophienstrasse the cost are 30 Euro per person.<\/em><\/p>\n\n                        <a href='\/en\/escape-room-braunschweig\/play-now\/' class=\"button button--border\">Play now <\/a>                    <\/div>\n                                    <div class=\"text-columns__item\">\n                                                                                                            <a href=\"\/en\/riddle-box\/\">\n                                                        \n    <picture\n        style=\"padding-top: 66.6796875%\"         class=\"picture text-columns__picture\"\n    >\n                <source data-srcset=\"https:\/\/hiddengames.wabcreative.de\/wp-content\/uploads\/2019\/10\/ueberraschungskiste_hidden-games-1-800x533.jpg\" media=\"(max-width: 700px)\"\/>\n                <source data-srcset=\"https:\/\/hiddengames.wabcreative.de\/wp-content\/uploads\/2019\/10\/ueberraschungskiste_hidden-games-1-1600x1067.jpg\" media=\"(max-width: 860px)\"\/>\n                <img decoding=\"async\"\n            src=\"\"\n            data-srcset=\"https:\/\/hiddengames.wabcreative.de\/wp-content\/uploads\/2019\/10\/ueberraschungskiste_hidden-games-1-1600x1067.jpg 1x, https:\/\/hiddengames.wabcreative.de\/wp-content\/uploads\/2019\/10\/ueberraschungskiste_hidden-games-1.jpg 2x\"\n            class=\"lazyload picture__image\"\n            alt=\"\"\n            title=\"ueberraschungskiste_hidden-games\"\/>\n\n        <noscript>\n            <img decoding=\"async\" src=\"https:\/\/hiddengames.wabcreative.de\/wp-content\/uploads\/2019\/10\/ueberraschungskiste_hidden-games-1.jpg\" alt=\"\" title=\"ueberraschungskiste_hidden-games\"\/>\n        <\/noscript>\n    <\/picture>\n\n                                                                <\/a>\n                                                                            <h3>SPECIAL OFFERS<\/h3>\n<p>We can also offer you suggestions and possibilities for your bachelor party in Braunschweig to customize the rooms and puzzles in each room individually for the bride or groom. Just give us a call and we&#8217;ll explain how it works and what we can offer you.<\/p>\n<p>If you want to decide on a very special surprise, just add a puzzle box to your booking, make up your own puzzle and surprise the bride or groom with a bottle of champagne or beer and other gifts.<\/p>\n<p>&nbsp;<\/p>\n\n                        <a href='\/en\/riddle-box\/' class=\"button button--border\">I want a surprise box<\/a>                    <\/div>\n                            <\/div>\n                    <\/div>\n<\/div>\n\n\n<div class=\"module reviews\">\n    \n    <picture\n                class=\"picture reviews__image picture--hero\"\n    >\n                <source data-srcset=\"https:\/\/hiddengames.wabcreative.de\/wp-content\/uploads\/2019\/09\/hidden-in-braunschweig-das-geheime-elixier-800x533.jpg\" media=\"(max-width: 700px)\"\/>\n                <source data-srcset=\"https:\/\/hiddengames.wabcreative.de\/wp-content\/uploads\/2019\/09\/hidden-in-braunschweig-das-geheime-elixier.jpg\" media=\"(max-width: 860px)\"\/>\n                <img decoding=\"async\"\n            src=\"\"\n            data-srcset=\"https:\/\/hiddengames.wabcreative.de\/wp-content\/uploads\/2019\/09\/hidden-in-braunschweig-das-geheime-elixier.jpg 1x, https:\/\/hiddengames.wabcreative.de\/wp-content\/uploads\/2019\/09\/hidden-in-braunschweig-das-geheime-elixier.jpg 2x\"\n            class=\"lazyload picture__image\"\n            alt=\"\"\n            title=\"hidden-in-braunschweig-das-geheime-elixier\"\/>\n\n        <noscript>\n            <img decoding=\"async\" src=\"https:\/\/hiddengames.wabcreative.de\/wp-content\/uploads\/2019\/09\/hidden-in-braunschweig-das-geheime-elixier.jpg\" alt=\"\" title=\"hidden-in-braunschweig-das-geheime-elixier\"\/>\n        <\/noscript>\n    <\/picture>\n\n        <div class=\"reviews__content\">\n                    <div class=\"slideshow\">\n                <div class=\"slideshow__list\">\n                                            <div class=\"slideshow__item\">\n                                                                                        <span class=\"reviews__stars reviews__stars--5\">5 Stars<\/span>\n                                                        <span class=\"reviews__topline\"><\/span>\n                            <blockquote class=\"reviews__quote\">\n                                <p>Die Zeit verging wie im Flug. Der von uns gespielte Raum war sehr sch\u00f6n und detailreich eingerichtet Die R\u00e4tsel und die Hilfen waren sehr fair und gut zu l\u00f6sen Die Angestellten waren sehr freundlich und hilfsbereit. Wir kommen bestimmt wieder und werden die anderen R\u00e4ume spielen<\/p>\n                            <\/blockquote>\n                            <span class=\"reviews__author\">Tobias B.<\/span>\n                        <\/div>\n                                    <\/div>\n            <\/div>\n                        <\/div>\n<\/div>\n","protected":false},"excerpt":{"rendered":"","protected":false},"author":2,"featured_media":0,"parent":3186,"menu_order":136,"comment_status":"closed","ping_status":"closed","template":"","meta":{"_acf_changed":false,"footnotes":""},"class_list":["post-3193","page","type-page","status-publish","hentry"],"acf":[],"yoast_head":"<!-- This site is optimized with the Yoast SEO Premium plugin v21.3 (Yoast SEO v26.2) - https:\/\/yoast.com\/wordpress\/plugins\/seo\/ -->\n<title>Bachelor Party - Hidden in Braunschweig<\/title>\n<meta name=\"description\" content=\"Spend your Bachelor Party in our Escape Rooms! Individualize the room with your own puzzle and a surprise! Throw yourself into the adventure!\" \/>\n<meta name=\"robots\" content=\"noindex, follow, max-snippet:-1, max-image-preview:large, max-video-preview:-1\" \/>\n<meta property=\"og:locale\" content=\"en_US\" \/>\n<meta property=\"og:type\" content=\"article\" \/>\n<meta property=\"og:title\" content=\"Bachelor Party\" \/>\n<meta property=\"og:description\" content=\"Spend your Bachelor Party in our Escape Rooms! Individualize the room with your own puzzle and a surprise! Throw yourself into the adventure!\" \/>\n<meta property=\"og:url\" content=\"https:\/\/hiddengames.wabcreative.de\/en\/escape-room-braunschweig\/team-events\/bachelor-party\/\" \/>\n<meta property=\"og:site_name\" content=\"Hidden Games\" \/>\n<meta property=\"article:modified_time\" content=\"2023-01-27T08:50:41+00:00\" \/>\n<meta name=\"twitter:card\" content=\"summary_large_image\" \/>\n<script type=\"application\/ld+json\" class=\"yoast-schema-graph\">{\"@context\":\"https:\/\/schema.org\",\"@graph\":[{\"@type\":\"WebPage\",\"@id\":\"https:\/\/hiddengames.wabcreative.de\/en\/escape-room-braunschweig\/team-events\/bachelor-party\/\",\"url\":\"https:\/\/hiddengames.wabcreative.de\/en\/escape-room-braunschweig\/team-events\/bachelor-party\/\",\"name\":\"Bachelor Party - Hidden in Braunschweig\",\"isPartOf\":{\"@id\":\"https:\/\/hiddengames.wabcreative.de\/en\/#website\"},\"datePublished\":\"2019-11-15T13:25:47+00:00\",\"dateModified\":\"2023-01-27T08:50:41+00:00\",\"description\":\"Spend your Bachelor Party in our Escape Rooms! Individualize the room with your own puzzle and a surprise! Throw yourself into the adventure!\",\"breadcrumb\":{\"@id\":\"https:\/\/hiddengames.wabcreative.de\/en\/escape-room-braunschweig\/team-events\/bachelor-party\/#breadcrumb\"},\"inLanguage\":\"en-US\",\"potentialAction\":[{\"@type\":\"ReadAction\",\"target\":[\"https:\/\/hiddengames.wabcreative.de\/en\/escape-room-braunschweig\/team-events\/bachelor-party\/\"]}]},{\"@type\":\"BreadcrumbList\",\"@id\":\"https:\/\/hiddengames.wabcreative.de\/en\/escape-room-braunschweig\/team-events\/bachelor-party\/#breadcrumb\",\"itemListElement\":[{\"@type\":\"ListItem\",\"position\":1,\"name\":\"Home\",\"item\":\"https:\/\/hiddengames.wabcreative.de\/en\/\"},{\"@type\":\"ListItem\",\"position\":2,\"name\":\"Braunschweig\",\"item\":\"https:\/\/hiddengames.wabcreative.de\/en\/escape-room-braunschweig\/\"},{\"@type\":\"ListItem\",\"position\":3,\"name\":\"Team Events\",\"item\":\"https:\/\/hiddengames.wabcreative.de\/en\/escape-room-braunschweig\/teamevents\/\"},{\"@type\":\"ListItem\",\"position\":4,\"name\":\"Bachelor Party\"}]},{\"@type\":\"WebSite\",\"@id\":\"https:\/\/hiddengames.wabcreative.de\/en\/#website\",\"url\":\"https:\/\/hiddengames.wabcreative.de\/en\/\",\"name\":\"Hidden Games\",\"description\":\"Escape Rooms in Germany and Switzerland\",\"publisher\":{\"@id\":\"https:\/\/hiddengames.wabcreative.de\/en\/#organization\"},\"potentialAction\":[{\"@type\":\"SearchAction\",\"target\":{\"@type\":\"EntryPoint\",\"urlTemplate\":\"https:\/\/hiddengames.wabcreative.de\/en\/?s={search_term_string}\"},\"query-input\":{\"@type\":\"PropertyValueSpecification\",\"valueRequired\":true,\"valueName\":\"search_term_string\"}}],\"inLanguage\":\"en-US\"},{\"@type\":\"Organization\",\"@id\":\"https:\/\/hiddengames.wabcreative.de\/en\/#organization\",\"name\":\"Hidden Games\",\"url\":\"https:\/\/hiddengames.wabcreative.de\/en\/\",\"logo\":{\"@type\":\"ImageObject\",\"inLanguage\":\"en-US\",\"@id\":\"https:\/\/hiddengames.wabcreative.de\/en\/#\/schema\/logo\/image\/\",\"url\":\"https:\/\/www.hidden.games\/wp-content\/uploads\/2021\/03\/hidden_logo_emails_black.jpg\",\"contentUrl\":\"https:\/\/www.hidden.games\/wp-content\/uploads\/2021\/03\/hidden_logo_emails_black.jpg\",\"width\":350,\"height\":156,\"caption\":\"Hidden Games\"},\"image\":{\"@id\":\"https:\/\/hiddengames.wabcreative.de\/en\/#\/schema\/logo\/image\/\"}}]}<\/script>\n<!-- \/ Yoast SEO Premium plugin. -->","yoast_head_json":{"title":"Bachelor Party - Hidden in Braunschweig","description":"Spend your Bachelor Party in our Escape Rooms! Individualize the room with your own puzzle and a surprise! Throw yourself into the adventure!","robots":{"index":"noindex","follow":"follow","max-snippet":"max-snippet:-1","max-image-preview":"max-image-preview:large","max-video-preview":"max-video-preview:-1"},"og_locale":"en_US","og_type":"article","og_title":"Bachelor Party","og_description":"Spend your Bachelor Party in our Escape Rooms! Individualize the room with your own puzzle and a surprise! Throw yourself into the adventure!","og_url":"https:\/\/hiddengames.wabcreative.de\/en\/escape-room-braunschweig\/team-events\/bachelor-party\/","og_site_name":"Hidden Games","article_modified_time":"2023-01-27T08:50:41+00:00","twitter_card":"summary_large_image","schema":{"@context":"https:\/\/schema.org","@graph":[{"@type":"WebPage","@id":"https:\/\/hiddengames.wabcreative.de\/en\/escape-room-braunschweig\/team-events\/bachelor-party\/","url":"https:\/\/hiddengames.wabcreative.de\/en\/escape-room-braunschweig\/team-events\/bachelor-party\/","name":"Bachelor Party - Hidden in Braunschweig","isPartOf":{"@id":"https:\/\/hiddengames.wabcreative.de\/en\/#website"},"datePublished":"2019-11-15T13:25:47+00:00","dateModified":"2023-01-27T08:50:41+00:00","description":"Spend your Bachelor Party in our Escape Rooms! Individualize the room with your own puzzle and a surprise! Throw yourself into the adventure!","breadcrumb":{"@id":"https:\/\/hiddengames.wabcreative.de\/en\/escape-room-braunschweig\/team-events\/bachelor-party\/#breadcrumb"},"inLanguage":"en-US","potentialAction":[{"@type":"ReadAction","target":["https:\/\/hiddengames.wabcreative.de\/en\/escape-room-braunschweig\/team-events\/bachelor-party\/"]}]},{"@type":"BreadcrumbList","@id":"https:\/\/hiddengames.wabcreative.de\/en\/escape-room-braunschweig\/team-events\/bachelor-party\/#breadcrumb","itemListElement":[{"@type":"ListItem","position":1,"name":"Home","item":"https:\/\/hiddengames.wabcreative.de\/en\/"},{"@type":"ListItem","position":2,"name":"Braunschweig","item":"https:\/\/hiddengames.wabcreative.de\/en\/escape-room-braunschweig\/"},{"@type":"ListItem","position":3,"name":"Team Events","item":"https:\/\/hiddengames.wabcreative.de\/en\/escape-room-braunschweig\/teamevents\/"},{"@type":"ListItem","position":4,"name":"Bachelor Party"}]},{"@type":"WebSite","@id":"https:\/\/hiddengames.wabcreative.de\/en\/#website","url":"https:\/\/hiddengames.wabcreative.de\/en\/","name":"Hidden Games","description":"Escape Rooms in Germany and Switzerland","publisher":{"@id":"https:\/\/hiddengames.wabcreative.de\/en\/#organization"},"potentialAction":[{"@type":"SearchAction","target":{"@type":"EntryPoint","urlTemplate":"https:\/\/hiddengames.wabcreative.de\/en\/?s={search_term_string}"},"query-input":{"@type":"PropertyValueSpecification","valueRequired":true,"valueName":"search_term_string"}}],"inLanguage":"en-US"},{"@type":"Organization","@id":"https:\/\/hiddengames.wabcreative.de\/en\/#organization","name":"Hidden Games","url":"https:\/\/hiddengames.wabcreative.de\/en\/","logo":{"@type":"ImageObject","inLanguage":"en-US","@id":"https:\/\/hiddengames.wabcreative.de\/en\/#\/schema\/logo\/image\/","url":"https:\/\/www.hidden.games\/wp-content\/uploads\/2021\/03\/hidden_logo_emails_black.jpg","contentUrl":"https:\/\/www.hidden.games\/wp-content\/uploads\/2021\/03\/hidden_logo_emails_black.jpg","width":350,"height":156,"caption":"Hidden Games"},"image":{"@id":"https:\/\/hiddengames.wabcreative.de\/en\/#\/schema\/logo\/image\/"}}]}},"_links":{"self":[{"href":"https:\/\/hiddengames.wabcreative.de\/en\/wp-json\/wp\/v2\/pages\/3193","targetHints":{"allow":["GET"]}}],"collection":[{"href":"https:\/\/hiddengames.wabcreative.de\/en\/wp-json\/wp\/v2\/pages"}],"about":[{"href":"https:\/\/hiddengames.wabcreative.de\/en\/wp-json\/wp\/v2\/types\/page"}],"author":[{"embeddable":true,"href":"https:\/\/hiddengames.wabcreative.de\/en\/wp-json\/wp\/v2\/users\/2"}],"replies":[{"embeddable":true,"href":"https:\/\/hiddengames.wabcreative.de\/en\/wp-json\/wp\/v2\/comments?post=3193"}],"version-history":[{"count":4,"href":"https:\/\/hiddengames.wabcreative.de\/en\/wp-json\/wp\/v2\/pages\/3193\/revisions"}],"predecessor-version":[{"id":290039,"href":"https:\/\/hiddengames.wabcreative.de\/en\/wp-json\/wp\/v2\/pages\/3193\/revisions\/290039"}],"up":[{"embeddable":true,"href":"https:\/\/hiddengames.wabcreative.de\/en\/wp-json\/wp\/v2\/pages\/3186"}],"wp:attachment":[{"href":"https:\/\/hiddengames.wabcreative.de\/en\/wp-json\/wp\/v2\/media?parent=3193"}],"curies":[{"name":"wp","href":"https:\/\/api.w.org\/{rel}","templated":true}]}}