{"id":3078,"date":"2019-11-14T13:31:39","date_gmt":"2019-11-14T13:31:39","guid":{"rendered":"https:\/\/www.hidden-games.de\/?page_id=3078"},"modified":"2023-07-26T09:28:47","modified_gmt":"2023-07-26T07:28:47","slug":"childrens-birthday-party","status":"publish","type":"page","link":"https:\/\/hiddengames.wabcreative.de\/en\/escape-room-hamburg\/team-events\/childrens-birthday-party\/","title":{"rendered":"Children\u00b4s Birthday Party"},"content":{"rendered":"<div class=\"module banner banner--small\" >\n    <div class=\"banner__media\">\n                    \n    <picture\n                class=\"picture  picture--hero\"\n    >\n                <source data-srcset=\"https:\/\/hiddengames.wabcreative.de\/wp-content\/uploads\/2019\/09\/hidden-in-hamburg-teamevents-800x536.jpg\" media=\"(max-width: 700px)\"\/>\n                <source data-srcset=\"https:\/\/hiddengames.wabcreative.de\/wp-content\/uploads\/2019\/09\/hidden-in-hamburg-teamevents.jpg\" media=\"(max-width: 860px)\"\/>\n                <img decoding=\"async\"\n            src=\"\"\n            data-srcset=\"https:\/\/hiddengames.wabcreative.de\/wp-content\/uploads\/2019\/09\/hidden-in-hamburg-teamevents.jpg 1x, https:\/\/hiddengames.wabcreative.de\/wp-content\/uploads\/2019\/09\/hidden-in-hamburg-teamevents.jpg 2x\"\n            class=\"lazyload picture__image\"\n            alt=\"\"\n            title=\"Hidden in Hamburg Teamevents\"\/>\n\n        <noscript>\n            <img decoding=\"async\" src=\"https:\/\/hiddengames.wabcreative.de\/wp-content\/uploads\/2019\/09\/hidden-in-hamburg-teamevents.jpg\" alt=\"\" title=\"Hidden in Hamburg Teamevents\"\/>\n        <\/noscript>\n    <\/picture>\n\n                <\/div>\n    <div class=\"banner__content container\">\n        <span class=\"topline\">Escape Room Hamburg Kids<\/span>\n                    <h1>The best children\u00b4s birthday party<\/h1>\n        \n        \n        \n                \n    <\/div>\n<\/div>\n\n\n<div class=\"module text-columns text-columns\">\n    <div class=\"container\">\n        \n                            <div class=\"grid grid--big-gaps size--12 size--tp-12 size--m-12\">\n                                    <div class=\"text-columns__item\">\n                                                                        <h2 style=\"text-align: center;\">A CHILDREN&#8217;S BIRTHDAY PARTY DIRECTLY ON BOARD<\/h2>\n<p style=\"text-align: center;\">Are you looking for a very special activity for a children&#8217;s birthday party in Hamburg? Then our Escape Rooms on board the CAP SAN DIEGO are just the thing for you. In our Escape Rooms the children have to solve many puzzles, find hiding places, use objects and open secret doors within one hour to solve their task.<\/p>\n\n                                            <\/div>\n                            <\/div>\n                    <\/div>\n<\/div>\n\n\n<div class=\"module icon-list\">\n    <div class=\"icon-list__wrapper\">\n        <div class=\"container\">\n                                        <div class=\"icon-list__grid grid grid--big-gaps size--4 size--tp-6 size--m-12\">\n                                            <div class=\"icon-list__item\">\n                                                            <div class=\"icon-list__icon\">\n                                    \n    <picture\n        style=\"padding-top: 100%\"         class=\"picture \"\n    >\n                <source data-srcset=\"https:\/\/hiddengames.wabcreative.de\/wp-content\/uploads\/2019\/10\/hidden__kompass.svg\" media=\"(max-width: 700px)\"\/>\n                <source data-srcset=\"https:\/\/hiddengames.wabcreative.de\/wp-content\/uploads\/2019\/10\/hidden__kompass.svg\" media=\"(max-width: 860px)\"\/>\n                <img decoding=\"async\"\n            src=\"\"\n            data-srcset=\"https:\/\/hiddengames.wabcreative.de\/wp-content\/uploads\/2019\/10\/hidden__kompass.svg 1x, https:\/\/hiddengames.wabcreative.de\/wp-content\/uploads\/2019\/10\/hidden__kompass.svg 2x\"\n            class=\"lazyload picture__image\"\n            alt=\"\"\n            title=\"hidden__kompass\"\/>\n\n        <noscript>\n            <img decoding=\"async\" src=\"https:\/\/hiddengames.wabcreative.de\/wp-content\/uploads\/2019\/10\/hidden__kompass.svg\" alt=\"\" title=\"hidden__kompass\"\/>\n        <\/noscript>\n    <\/picture>\n\n                                    <\/div>\n                                                        <div>\n                                Suitable for children 10 years and older                            <\/div>\n                        <\/div>\n                                            <div class=\"icon-list__item\">\n                                                            <div class=\"icon-list__icon\">\n                                    \n    <picture\n        style=\"padding-top: 100%\"         class=\"picture \"\n    >\n                <source data-srcset=\"https:\/\/hiddengames.wabcreative.de\/wp-content\/uploads\/2019\/10\/hidden__geschenk.svg\" media=\"(max-width: 700px)\"\/>\n                <source data-srcset=\"https:\/\/hiddengames.wabcreative.de\/wp-content\/uploads\/2019\/10\/hidden__geschenk.svg\" media=\"(max-width: 860px)\"\/>\n                <img decoding=\"async\"\n            src=\"\"\n            data-srcset=\"https:\/\/hiddengames.wabcreative.de\/wp-content\/uploads\/2019\/10\/hidden__geschenk.svg 1x, https:\/\/hiddengames.wabcreative.de\/wp-content\/uploads\/2019\/10\/hidden__geschenk.svg 2x\"\n            class=\"lazyload picture__image\"\n            alt=\"\"\n            title=\"hidden__geschenk\"\/>\n\n        <noscript>\n            <img decoding=\"async\" src=\"https:\/\/hiddengames.wabcreative.de\/wp-content\/uploads\/2019\/10\/hidden__geschenk.svg\" alt=\"\" title=\"hidden__geschenk\"\/>\n        <\/noscript>\n    <\/picture>\n\n                                    <\/div>\n                                                        <div>\n                                Surprise the birthday child with a puzzle box                            <\/div>\n                        <\/div>\n                                            <div class=\"icon-list__item\">\n                                                            <div class=\"icon-list__icon\">\n                                    \n    <picture\n        style=\"padding-top: 100%\"         class=\"picture \"\n    >\n                <source data-srcset=\"https:\/\/hiddengames.wabcreative.de\/wp-content\/uploads\/2019\/10\/hidden__schiff.svg\" media=\"(max-width: 700px)\"\/>\n                <source data-srcset=\"https:\/\/hiddengames.wabcreative.de\/wp-content\/uploads\/2019\/10\/hidden__schiff.svg\" media=\"(max-width: 860px)\"\/>\n                <img decoding=\"async\"\n            src=\"\"\n            data-srcset=\"https:\/\/hiddengames.wabcreative.de\/wp-content\/uploads\/2019\/10\/hidden__schiff.svg 1x, https:\/\/hiddengames.wabcreative.de\/wp-content\/uploads\/2019\/10\/hidden__schiff.svg 2x\"\n            class=\"lazyload picture__image\"\n            alt=\"\"\n            title=\"hidden__schiff\"\/>\n\n        <noscript>\n            <img decoding=\"async\" src=\"https:\/\/hiddengames.wabcreative.de\/wp-content\/uploads\/2019\/10\/hidden__schiff.svg\" alt=\"\" title=\"hidden__schiff\"\/>\n        <\/noscript>\n    <\/picture>\n\n                                    <\/div>\n                                                        <div>\n                                Afterwards explore the ship                            <\/div>\n                        <\/div>\n                                    <\/div>\n                    <\/div>\n    <\/div>\n<\/div>\n\n\n<div class=\"module text-columns text-columns\">\n    <div class=\"container\">\n        \n                            <div class=\"grid grid--big-gaps size--4 size--tp-6 size--m-12\">\n                                    <div class=\"text-columns__item\">\n                                                                                                        \n    <picture\n        style=\"padding-top: 75%\"         class=\"picture text-columns__picture\"\n    >\n                <source data-srcset=\"https:\/\/hiddengames.wabcreative.de\/wp-content\/uploads\/2019\/10\/Hidden-in-Hamburg_Der-goldene-Sch\u00e4del-800x600.jpg\" media=\"(max-width: 700px)\"\/>\n                <source data-srcset=\"https:\/\/hiddengames.wabcreative.de\/wp-content\/uploads\/2019\/10\/Hidden-in-Hamburg_Der-goldene-Sch\u00e4del-1600x1200.jpg\" media=\"(max-width: 860px)\"\/>\n                <img decoding=\"async\"\n            src=\"\"\n            data-srcset=\"https:\/\/hiddengames.wabcreative.de\/wp-content\/uploads\/2019\/10\/Hidden-in-Hamburg_Der-goldene-Sch\u00e4del-1600x1200.jpg 1x, https:\/\/hiddengames.wabcreative.de\/wp-content\/uploads\/2019\/10\/Hidden-in-Hamburg_Der-goldene-Sch\u00e4del.jpg 2x\"\n            class=\"lazyload picture__image\"\n            alt=\"\"\n            title=\"Hidden-in-Hamburg_Der-goldene-Sch\u00e4del\"\/>\n\n        <noscript>\n            <img decoding=\"async\" src=\"https:\/\/hiddengames.wabcreative.de\/wp-content\/uploads\/2019\/10\/Hidden-in-Hamburg_Der-goldene-Sch\u00e4del.jpg\" alt=\"\" title=\"Hidden-in-Hamburg_Der-goldene-Sch\u00e4del\"\/>\n        <\/noscript>\n    <\/picture>\n\n                                                                                <h3>ESCAPE ROOMS<\/h3>\n<p>Up to 8 children can play in our Escape Rooms.<\/p>\n<p>In total we have 3 rooms suitable for a children&#8217;s birthday party (&#8220;The Golden Skull&#8221; and two times &#8220;The Master of Time&#8221;), so that you can play with up to 24 children at the same time.<\/p>\n<p>If the average age at the children&#8217;s birthday party is under 12 years, an adult should come with the children and take a seat or play in the introduction room (free of charge, of course). There is always a game master present to supervises group and can also give little hints here and there, if needed.<\/p>\n<p><em>The average age of the children should not be less than 10 years.<\/em><\/p>\n<p><em>The games last 1.5 hours including a short introduction and debriefing. The costs for the games are 32 Euro per person (minimum amount of 160\u20ac \u2013 price for 5 players), adult accompanying persons are not included and play accordingly free of charge.<\/em><\/p>\n<p>&nbsp;<\/p>\n\n                                            <\/div>\n                                    <div class=\"text-columns__item\">\n                                                                                                            <a href=\"\/en\/escape-room-hamburg\/play-now\">\n                                                        \n    <picture\n        style=\"padding-top: 75%\"         class=\"picture text-columns__picture\"\n    >\n                <source data-srcset=\"https:\/\/hiddengames.wabcreative.de\/wp-content\/uploads\/2019\/10\/Hidden-in-Hamburg_Cap-San-Diego-800x600.jpg\" media=\"(max-width: 700px)\"\/>\n                <source data-srcset=\"https:\/\/hiddengames.wabcreative.de\/wp-content\/uploads\/2019\/10\/Hidden-in-Hamburg_Cap-San-Diego-1600x1200.jpg\" media=\"(max-width: 860px)\"\/>\n                <img decoding=\"async\"\n            src=\"\"\n            data-srcset=\"https:\/\/hiddengames.wabcreative.de\/wp-content\/uploads\/2019\/10\/Hidden-in-Hamburg_Cap-San-Diego-1600x1200.jpg 1x, https:\/\/hiddengames.wabcreative.de\/wp-content\/uploads\/2019\/10\/Hidden-in-Hamburg_Cap-San-Diego.jpg 2x\"\n            class=\"lazyload picture__image\"\n            alt=\"\"\n            title=\"Hidden in Hamburg_Cap San Diego\"\/>\n\n        <noscript>\n            <img decoding=\"async\" src=\"https:\/\/hiddengames.wabcreative.de\/wp-content\/uploads\/2019\/10\/Hidden-in-Hamburg_Cap-San-Diego.jpg\" alt=\"\" title=\"Hidden in Hamburg_Cap San Diego\"\/>\n        <\/noscript>\n    <\/picture>\n\n                                                                <\/a>\n                                                                            <h3>SCAVENGER HUNT ON BOARD<\/h3>\n<p>For the somewhat smaller purse and a playful treasure hunt over the entire ship, the scavenger hunt is exactly the right thing. In small teams you&#8217;ll search for the forgotten treasure of the CAP SAN DIEGO or master the final exam of the sailors on the RICKMER RICKMERS.<\/p>\n<p>The children can expect many puzzles and tasks and an exciting treasure hunt in the race against other groups.<\/p>\n<p>The scavenger hunt is suitable only for groups of children from 13 years up. Younger children must be supervised by one adult per group, otherwise the puzzles are too difficult.<\/p>\n<p><em>The scavenger hunt costs 17 euros per person and takes about 1.5 hours.<\/em><\/p>\n\n                        <a href='\/en\/escape-room-hamburg\/play-now' class=\"button button--border\">Play now<\/a>                    <\/div>\n                                    <div class=\"text-columns__item\">\n                                                                                                            <a href=\"\/en\/riddle-box\">\n                                                        \n    <picture\n        style=\"padding-top: 75%\"         class=\"picture text-columns__picture\"\n    >\n                <source data-srcset=\"https:\/\/hiddengames.wabcreative.de\/wp-content\/uploads\/2019\/10\/Hidden-in-Hamburg_\u00dcberraschungskiste-800x600.jpg\" media=\"(max-width: 700px)\"\/>\n                <source data-srcset=\"https:\/\/hiddengames.wabcreative.de\/wp-content\/uploads\/2019\/10\/Hidden-in-Hamburg_\u00dcberraschungskiste-1600x1200.jpg\" media=\"(max-width: 860px)\"\/>\n                <img decoding=\"async\"\n            src=\"\"\n            data-srcset=\"https:\/\/hiddengames.wabcreative.de\/wp-content\/uploads\/2019\/10\/Hidden-in-Hamburg_\u00dcberraschungskiste-1600x1200.jpg 1x, https:\/\/hiddengames.wabcreative.de\/wp-content\/uploads\/2019\/10\/Hidden-in-Hamburg_\u00dcberraschungskiste.jpg 2x\"\n            class=\"lazyload picture__image\"\n            alt=\"\"\n            title=\"Hidden-in-Hamburg_\u00dcberraschungskiste\"\/>\n\n        <noscript>\n            <img decoding=\"async\" src=\"https:\/\/hiddengames.wabcreative.de\/wp-content\/uploads\/2019\/10\/Hidden-in-Hamburg_\u00dcberraschungskiste.jpg\" alt=\"\" title=\"Hidden-in-Hamburg_\u00dcberraschungskiste\"\/>\n        <\/noscript>\n    <\/picture>\n\n                                                                <\/a>\n                                                                            <h3>SPECIAL OFFERS<\/h3>\n<p>Before or after the Escape Game you can visit the whole Cap San Diego (opening hours of the museum are daily from 10:00 a.m. to 6:00 p.m.). The tour is free of charge for all our players (and also for the accompanying person).<\/p>\n<p>There is also a bistro on board where you can buy food (e.g. bockwurst, potato salad, fish rolls,&#8230;) and drinks at reasonable prices until 6 pm. You are also welcome to bring your own meals and sit on deck with them. Unfortunately, there is no extra room for this.<\/p>\n<p>If you really want to surprise the birthday child, you can also book a surprise box for the room. You think up your own puzzle and put your presents for the birthday child in the box.<\/p>\n\n                        <a href='\/en\/riddle-box' class=\"button button--border\">Surprise box<\/a>                    <\/div>\n                            <\/div>\n                    <\/div>\n<\/div>\n\n\n<div class=\"module reviews\">\n    \n    <picture\n                class=\"picture reviews__image picture--hero\"\n    >\n                <source data-srcset=\"https:\/\/hiddengames.wabcreative.de\/wp-content\/uploads\/2019\/10\/Hidden-in-Hamburg_Cap-San-Diego-800x600.jpg\" media=\"(max-width: 700px)\"\/>\n                <source data-srcset=\"https:\/\/hiddengames.wabcreative.de\/wp-content\/uploads\/2019\/10\/Hidden-in-Hamburg_Cap-San-Diego-1600x1200.jpg\" media=\"(max-width: 860px)\"\/>\n                <img decoding=\"async\"\n            src=\"\"\n            data-srcset=\"https:\/\/hiddengames.wabcreative.de\/wp-content\/uploads\/2019\/10\/Hidden-in-Hamburg_Cap-San-Diego-1600x1200.jpg 1x, https:\/\/hiddengames.wabcreative.de\/wp-content\/uploads\/2019\/10\/Hidden-in-Hamburg_Cap-San-Diego.jpg 2x\"\n            class=\"lazyload picture__image\"\n            alt=\"\"\n            title=\"Hidden in Hamburg_Cap San Diego\"\/>\n\n        <noscript>\n            <img decoding=\"async\" src=\"https:\/\/hiddengames.wabcreative.de\/wp-content\/uploads\/2019\/10\/Hidden-in-Hamburg_Cap-San-Diego.jpg\" alt=\"\" title=\"Hidden in Hamburg_Cap San Diego\"\/>\n        <\/noscript>\n    <\/picture>\n\n        <div class=\"reviews__content\">\n                    <div class=\"slideshow\">\n                <div class=\"slideshow__list\">\n                                            <div class=\"slideshow__item\">\n                                                                                        <span class=\"reviews__stars reviews__stars--5\">5 Stars<\/span>\n                                                        <span class=\"reviews__topline\"><\/span>\n                            <blockquote class=\"reviews__quote\">\n                                <p>Wir hatten hier das Spiel &#8220;Der goldende Sch\u00e4del&#8221; auf der Cap San Diego f\u00fcr einen Kindergeburtstag gebucht. Den Kindern wurde alles gut erkl\u00e4rt und auch w\u00e4hrend des Spiels war die Betreuung sehr gut. Ein voller Erfolg &#8211; die Kinder waren begeistert!<\/p>\n                            <\/blockquote>\n                            <span class=\"reviews__author\">Marie F.<\/span>\n                        <\/div>\n                                    <\/div>\n            <\/div>\n                        <\/div>\n<\/div>\n","protected":false},"excerpt":{"rendered":"","protected":false},"author":2,"featured_media":0,"parent":2683,"menu_order":95,"comment_status":"closed","ping_status":"closed","template":"","meta":{"_acf_changed":false,"footnotes":""},"class_list":["post-3078","page","type-page","status-publish","hentry"],"acf":[],"yoast_head":"<!-- This site is optimized with the Yoast SEO Premium plugin v21.3 (Yoast SEO v26.2) - https:\/\/yoast.com\/wordpress\/plugins\/seo\/ -->\n<title>Celebrate your birthday in an Escape Room on board of a ship<\/title>\n<meta name=\"description\" content=\"We make childrens eyes light up! Magical effects, enchanted hideouts and exciting adventures in our Escape Rooms on board of two ships.\" \/>\n<meta name=\"robots\" content=\"noindex, follow, max-snippet:-1, max-image-preview:large, max-video-preview:-1\" \/>\n<meta property=\"og:locale\" content=\"en_US\" \/>\n<meta property=\"og:type\" content=\"article\" \/>\n<meta property=\"og:title\" content=\"Children\u00b4s Birthday Party\" \/>\n<meta property=\"og:description\" content=\"We make childrens eyes light up! Magical effects, enchanted hideouts and exciting adventures in our Escape Rooms on board of two ships.\" \/>\n<meta property=\"og:url\" content=\"https:\/\/hiddengames.wabcreative.de\/en\/escape-room-hamburg\/team-events\/childrens-birthday-party\/\" \/>\n<meta property=\"og:site_name\" content=\"Hidden Games\" \/>\n<meta property=\"article:modified_time\" content=\"2023-07-26T07:28:47+00:00\" \/>\n<meta name=\"twitter:card\" content=\"summary_large_image\" \/>\n<script type=\"application\/ld+json\" class=\"yoast-schema-graph\">{\"@context\":\"https:\/\/schema.org\",\"@graph\":[{\"@type\":\"WebPage\",\"@id\":\"https:\/\/hiddengames.wabcreative.de\/en\/escape-room-hamburg\/team-events\/childrens-birthday-party\/\",\"url\":\"https:\/\/hiddengames.wabcreative.de\/en\/escape-room-hamburg\/team-events\/childrens-birthday-party\/\",\"name\":\"Celebrate your birthday in an Escape Room on board of a ship\",\"isPartOf\":{\"@id\":\"https:\/\/hiddengames.wabcreative.de\/en\/#website\"},\"datePublished\":\"2019-11-14T13:31:39+00:00\",\"dateModified\":\"2023-07-26T07:28:47+00:00\",\"description\":\"We make childrens eyes light up! Magical effects, enchanted hideouts and exciting adventures in our Escape Rooms on board of two ships.\",\"breadcrumb\":{\"@id\":\"https:\/\/hiddengames.wabcreative.de\/en\/escape-room-hamburg\/team-events\/childrens-birthday-party\/#breadcrumb\"},\"inLanguage\":\"en-US\",\"potentialAction\":[{\"@type\":\"ReadAction\",\"target\":[\"https:\/\/hiddengames.wabcreative.de\/en\/escape-room-hamburg\/team-events\/childrens-birthday-party\/\"]}]},{\"@type\":\"BreadcrumbList\",\"@id\":\"https:\/\/hiddengames.wabcreative.de\/en\/escape-room-hamburg\/team-events\/childrens-birthday-party\/#breadcrumb\",\"itemListElement\":[{\"@type\":\"ListItem\",\"position\":1,\"name\":\"Home\",\"item\":\"https:\/\/hiddengames.wabcreative.de\/en\/\"},{\"@type\":\"ListItem\",\"position\":2,\"name\":\"Hamburg\",\"item\":\"https:\/\/hiddengames.wabcreative.de\/en\/escape-room-hamburg\/\"},{\"@type\":\"ListItem\",\"position\":3,\"name\":\"Team events\",\"item\":\"https:\/\/hiddengames.wabcreative.de\/en\/escape-room-hamburg\/teamevents\/\"},{\"@type\":\"ListItem\",\"position\":4,\"name\":\"Children\u00b4s Birthday Party\"}]},{\"@type\":\"WebSite\",\"@id\":\"https:\/\/hiddengames.wabcreative.de\/en\/#website\",\"url\":\"https:\/\/hiddengames.wabcreative.de\/en\/\",\"name\":\"Hidden Games\",\"description\":\"Escape Rooms in Germany and Switzerland\",\"publisher\":{\"@id\":\"https:\/\/hiddengames.wabcreative.de\/en\/#organization\"},\"potentialAction\":[{\"@type\":\"SearchAction\",\"target\":{\"@type\":\"EntryPoint\",\"urlTemplate\":\"https:\/\/hiddengames.wabcreative.de\/en\/?s={search_term_string}\"},\"query-input\":{\"@type\":\"PropertyValueSpecification\",\"valueRequired\":true,\"valueName\":\"search_term_string\"}}],\"inLanguage\":\"en-US\"},{\"@type\":\"Organization\",\"@id\":\"https:\/\/hiddengames.wabcreative.de\/en\/#organization\",\"name\":\"Hidden Games\",\"url\":\"https:\/\/hiddengames.wabcreative.de\/en\/\",\"logo\":{\"@type\":\"ImageObject\",\"inLanguage\":\"en-US\",\"@id\":\"https:\/\/hiddengames.wabcreative.de\/en\/#\/schema\/logo\/image\/\",\"url\":\"https:\/\/www.hidden.games\/wp-content\/uploads\/2021\/03\/hidden_logo_emails_black.jpg\",\"contentUrl\":\"https:\/\/www.hidden.games\/wp-content\/uploads\/2021\/03\/hidden_logo_emails_black.jpg\",\"width\":350,\"height\":156,\"caption\":\"Hidden Games\"},\"image\":{\"@id\":\"https:\/\/hiddengames.wabcreative.de\/en\/#\/schema\/logo\/image\/\"}}]}<\/script>\n<!-- \/ Yoast SEO Premium plugin. -->","yoast_head_json":{"title":"Celebrate your birthday in an Escape Room on board of a ship","description":"We make childrens eyes light up! Magical effects, enchanted hideouts and exciting adventures in our Escape Rooms on board of two ships.","robots":{"index":"noindex","follow":"follow","max-snippet":"max-snippet:-1","max-image-preview":"max-image-preview:large","max-video-preview":"max-video-preview:-1"},"og_locale":"en_US","og_type":"article","og_title":"Children\u00b4s Birthday Party","og_description":"We make childrens eyes light up! Magical effects, enchanted hideouts and exciting adventures in our Escape Rooms on board of two ships.","og_url":"https:\/\/hiddengames.wabcreative.de\/en\/escape-room-hamburg\/team-events\/childrens-birthday-party\/","og_site_name":"Hidden Games","article_modified_time":"2023-07-26T07:28:47+00:00","twitter_card":"summary_large_image","schema":{"@context":"https:\/\/schema.org","@graph":[{"@type":"WebPage","@id":"https:\/\/hiddengames.wabcreative.de\/en\/escape-room-hamburg\/team-events\/childrens-birthday-party\/","url":"https:\/\/hiddengames.wabcreative.de\/en\/escape-room-hamburg\/team-events\/childrens-birthday-party\/","name":"Celebrate your birthday in an Escape Room on board of a ship","isPartOf":{"@id":"https:\/\/hiddengames.wabcreative.de\/en\/#website"},"datePublished":"2019-11-14T13:31:39+00:00","dateModified":"2023-07-26T07:28:47+00:00","description":"We make childrens eyes light up! Magical effects, enchanted hideouts and exciting adventures in our Escape Rooms on board of two ships.","breadcrumb":{"@id":"https:\/\/hiddengames.wabcreative.de\/en\/escape-room-hamburg\/team-events\/childrens-birthday-party\/#breadcrumb"},"inLanguage":"en-US","potentialAction":[{"@type":"ReadAction","target":["https:\/\/hiddengames.wabcreative.de\/en\/escape-room-hamburg\/team-events\/childrens-birthday-party\/"]}]},{"@type":"BreadcrumbList","@id":"https:\/\/hiddengames.wabcreative.de\/en\/escape-room-hamburg\/team-events\/childrens-birthday-party\/#breadcrumb","itemListElement":[{"@type":"ListItem","position":1,"name":"Home","item":"https:\/\/hiddengames.wabcreative.de\/en\/"},{"@type":"ListItem","position":2,"name":"Hamburg","item":"https:\/\/hiddengames.wabcreative.de\/en\/escape-room-hamburg\/"},{"@type":"ListItem","position":3,"name":"Team events","item":"https:\/\/hiddengames.wabcreative.de\/en\/escape-room-hamburg\/teamevents\/"},{"@type":"ListItem","position":4,"name":"Children\u00b4s Birthday Party"}]},{"@type":"WebSite","@id":"https:\/\/hiddengames.wabcreative.de\/en\/#website","url":"https:\/\/hiddengames.wabcreative.de\/en\/","name":"Hidden Games","description":"Escape Rooms in Germany and Switzerland","publisher":{"@id":"https:\/\/hiddengames.wabcreative.de\/en\/#organization"},"potentialAction":[{"@type":"SearchAction","target":{"@type":"EntryPoint","urlTemplate":"https:\/\/hiddengames.wabcreative.de\/en\/?s={search_term_string}"},"query-input":{"@type":"PropertyValueSpecification","valueRequired":true,"valueName":"search_term_string"}}],"inLanguage":"en-US"},{"@type":"Organization","@id":"https:\/\/hiddengames.wabcreative.de\/en\/#organization","name":"Hidden Games","url":"https:\/\/hiddengames.wabcreative.de\/en\/","logo":{"@type":"ImageObject","inLanguage":"en-US","@id":"https:\/\/hiddengames.wabcreative.de\/en\/#\/schema\/logo\/image\/","url":"https:\/\/www.hidden.games\/wp-content\/uploads\/2021\/03\/hidden_logo_emails_black.jpg","contentUrl":"https:\/\/www.hidden.games\/wp-content\/uploads\/2021\/03\/hidden_logo_emails_black.jpg","width":350,"height":156,"caption":"Hidden Games"},"image":{"@id":"https:\/\/hiddengames.wabcreative.de\/en\/#\/schema\/logo\/image\/"}}]}},"_links":{"self":[{"href":"https:\/\/hiddengames.wabcreative.de\/en\/wp-json\/wp\/v2\/pages\/3078","targetHints":{"allow":["GET"]}}],"collection":[{"href":"https:\/\/hiddengames.wabcreative.de\/en\/wp-json\/wp\/v2\/pages"}],"about":[{"href":"https:\/\/hiddengames.wabcreative.de\/en\/wp-json\/wp\/v2\/types\/page"}],"author":[{"embeddable":true,"href":"https:\/\/hiddengames.wabcreative.de\/en\/wp-json\/wp\/v2\/users\/2"}],"replies":[{"embeddable":true,"href":"https:\/\/hiddengames.wabcreative.de\/en\/wp-json\/wp\/v2\/comments?post=3078"}],"version-history":[{"count":4,"href":"https:\/\/hiddengames.wabcreative.de\/en\/wp-json\/wp\/v2\/pages\/3078\/revisions"}],"predecessor-version":[{"id":292291,"href":"https:\/\/hiddengames.wabcreative.de\/en\/wp-json\/wp\/v2\/pages\/3078\/revisions\/292291"}],"up":[{"embeddable":true,"href":"https:\/\/hiddengames.wabcreative.de\/en\/wp-json\/wp\/v2\/pages\/2683"}],"wp:attachment":[{"href":"https:\/\/hiddengames.wabcreative.de\/en\/wp-json\/wp\/v2\/media?parent=3078"}],"curies":[{"name":"wp","href":"https:\/\/api.w.org\/{rel}","templated":true}]}}