{"id":3074,"date":"2019-11-14T13:19:44","date_gmt":"2019-11-14T13:19:44","guid":{"rendered":"https:\/\/www.hidden-games.de\/?page_id=3074"},"modified":"2023-07-18T17:15:53","modified_gmt":"2023-07-18T15:15:53","slug":"bachelor-party","status":"publish","type":"page","link":"https:\/\/hiddengames.wabcreative.de\/en\/escape-room-hamburg\/team-events\/bachelor-party\/","title":{"rendered":"Bachelor Party"},"content":{"rendered":"<div class=\"module banner banner--small\" >\n    <div class=\"banner__media\">\n                    \n    <picture\n                class=\"picture  picture--hero\"\n    >\n                <source data-srcset=\"https:\/\/hiddengames.wabcreative.de\/wp-content\/uploads\/2019\/09\/hidden-in-hamburg-teamevents-800x536.jpg\" media=\"(max-width: 700px)\"\/>\n                <source data-srcset=\"https:\/\/hiddengames.wabcreative.de\/wp-content\/uploads\/2019\/09\/hidden-in-hamburg-teamevents.jpg\" media=\"(max-width: 860px)\"\/>\n                <img decoding=\"async\"\n            src=\"\"\n            data-srcset=\"https:\/\/hiddengames.wabcreative.de\/wp-content\/uploads\/2019\/09\/hidden-in-hamburg-teamevents.jpg 1x, https:\/\/hiddengames.wabcreative.de\/wp-content\/uploads\/2019\/09\/hidden-in-hamburg-teamevents.jpg 2x\"\n            class=\"lazyload picture__image\"\n            alt=\"\"\n            title=\"Hidden in Hamburg Teamevents\"\/>\n\n        <noscript>\n            <img decoding=\"async\" src=\"https:\/\/hiddengames.wabcreative.de\/wp-content\/uploads\/2019\/09\/hidden-in-hamburg-teamevents.jpg\" alt=\"\" title=\"Hidden in Hamburg Teamevents\"\/>\n        <\/noscript>\n    <\/picture>\n\n                <\/div>\n    <div class=\"banner__content container\">\n        <span class=\"topline\">Bachelor Party Hamburg<\/span>\n                    <h1>An unforgettable bachelor party<\/h1>\n        \n        \n        \n                \n    <\/div>\n<\/div>\n\n\n<div class=\"module text-columns text-columns\">\n    <div class=\"container\">\n        \n                            <div class=\"grid grid--big-gaps size--12 size--tp-12 size--m-12\">\n                                    <div class=\"text-columns__item\">\n                                                                        <h2 style=\"text-align: center;\">YOUR BACHELOR PARTY ON BOARD.<\/h2>\n<p style=\"text-align: center;\">Jump into the adventure together.<\/p>\n\n                                            <\/div>\n                            <\/div>\n                    <\/div>\n<\/div>\n\n\n<div class=\"module icon-list\">\n    <div class=\"icon-list__wrapper\">\n        <div class=\"container\">\n                                        <div class=\"icon-list__grid grid grid--big-gaps size--4 size--tp-6 size--m-12\">\n                                            <div class=\"icon-list__item\">\n                                                            <div class=\"icon-list__icon\">\n                                    \n    <picture\n        style=\"padding-top: 100%\"         class=\"picture \"\n    >\n                <source data-srcset=\"https:\/\/hiddengames.wabcreative.de\/wp-content\/uploads\/2019\/10\/hidden__schiff.svg\" media=\"(max-width: 700px)\"\/>\n                <source data-srcset=\"https:\/\/hiddengames.wabcreative.de\/wp-content\/uploads\/2019\/10\/hidden__schiff.svg\" media=\"(max-width: 860px)\"\/>\n                <img decoding=\"async\"\n            src=\"\"\n            data-srcset=\"https:\/\/hiddengames.wabcreative.de\/wp-content\/uploads\/2019\/10\/hidden__schiff.svg 1x, https:\/\/hiddengames.wabcreative.de\/wp-content\/uploads\/2019\/10\/hidden__schiff.svg 2x\"\n            class=\"lazyload picture__image\"\n            alt=\"\"\n            title=\"hidden__schiff\"\/>\n\n        <noscript>\n            <img decoding=\"async\" src=\"https:\/\/hiddengames.wabcreative.de\/wp-content\/uploads\/2019\/10\/hidden__schiff.svg\" alt=\"\" title=\"hidden__schiff\"\/>\n        <\/noscript>\n    <\/picture>\n\n                                    <\/div>\n                                                        <div>\n                                You play directly on board                            <\/div>\n                        <\/div>\n                                            <div class=\"icon-list__item\">\n                                                            <div class=\"icon-list__icon\">\n                                    \n    <picture\n        style=\"padding-top: 100%\"         class=\"picture \"\n    >\n                <source data-srcset=\"https:\/\/hiddengames.wabcreative.de\/wp-content\/uploads\/2019\/10\/hidden__geschenk.svg\" media=\"(max-width: 700px)\"\/>\n                <source data-srcset=\"https:\/\/hiddengames.wabcreative.de\/wp-content\/uploads\/2019\/10\/hidden__geschenk.svg\" media=\"(max-width: 860px)\"\/>\n                <img decoding=\"async\"\n            src=\"\"\n            data-srcset=\"https:\/\/hiddengames.wabcreative.de\/wp-content\/uploads\/2019\/10\/hidden__geschenk.svg 1x, https:\/\/hiddengames.wabcreative.de\/wp-content\/uploads\/2019\/10\/hidden__geschenk.svg 2x\"\n            class=\"lazyload picture__image\"\n            alt=\"\"\n            title=\"hidden__geschenk\"\/>\n\n        <noscript>\n            <img decoding=\"async\" src=\"https:\/\/hiddengames.wabcreative.de\/wp-content\/uploads\/2019\/10\/hidden__geschenk.svg\" alt=\"\" title=\"hidden__geschenk\"\/>\n        <\/noscript>\n    <\/picture>\n\n                                    <\/div>\n                                                        <div>\n                                Individualize your room with our surprise box                            <\/div>\n                        <\/div>\n                                            <div class=\"icon-list__item\">\n                                                            <div class=\"icon-list__icon\">\n                                    \n    <picture\n        style=\"padding-top: 100%\"         class=\"picture \"\n    >\n                <source data-srcset=\"https:\/\/hiddengames.wabcreative.de\/wp-content\/uploads\/2019\/10\/hidden__boom.svg\" media=\"(max-width: 700px)\"\/>\n                <source data-srcset=\"https:\/\/hiddengames.wabcreative.de\/wp-content\/uploads\/2019\/10\/hidden__boom.svg\" media=\"(max-width: 860px)\"\/>\n                <img decoding=\"async\"\n            src=\"\"\n            data-srcset=\"https:\/\/hiddengames.wabcreative.de\/wp-content\/uploads\/2019\/10\/hidden__boom.svg 1x, https:\/\/hiddengames.wabcreative.de\/wp-content\/uploads\/2019\/10\/hidden__boom.svg 2x\"\n            class=\"lazyload picture__image\"\n            alt=\"\"\n            title=\"hidden__boom\"\/>\n\n        <noscript>\n            <img decoding=\"async\" src=\"https:\/\/hiddengames.wabcreative.de\/wp-content\/uploads\/2019\/10\/hidden__boom.svg\" alt=\"\" title=\"hidden__boom\"\/>\n        <\/noscript>\n    <\/picture>\n\n                                    <\/div>\n                                                        <div>\n                                The perfect event for a mixed group                            <\/div>\n                        <\/div>\n                                    <\/div>\n                    <\/div>\n    <\/div>\n<\/div>\n\n\n<div class=\"module text-columns text-columns\">\n    <div class=\"container\">\n        \n                            <div class=\"grid grid--big-gaps size--4 size--tp-6 size--m-12\">\n                                    <div class=\"text-columns__item\">\n                                                                                                        \n    <picture\n        style=\"padding-top: 75%\"         class=\"picture text-columns__picture\"\n    >\n                <source data-srcset=\"https:\/\/hiddengames.wabcreative.de\/wp-content\/uploads\/2019\/10\/Hidden-in-Hamburg_Rickmer-Rickmers-800x600.jpg\" media=\"(max-width: 700px)\"\/>\n                <source data-srcset=\"https:\/\/hiddengames.wabcreative.de\/wp-content\/uploads\/2019\/10\/Hidden-in-Hamburg_Rickmer-Rickmers-1600x1200.jpg\" media=\"(max-width: 860px)\"\/>\n                <img decoding=\"async\"\n            src=\"\"\n            data-srcset=\"https:\/\/hiddengames.wabcreative.de\/wp-content\/uploads\/2019\/10\/Hidden-in-Hamburg_Rickmer-Rickmers-1600x1200.jpg 1x, https:\/\/hiddengames.wabcreative.de\/wp-content\/uploads\/2019\/10\/Hidden-in-Hamburg_Rickmer-Rickmers.jpg 2x\"\n            class=\"lazyload picture__image\"\n            alt=\"\"\n            title=\"Hidden in Hamburg_Rickmer Rickmers\"\/>\n\n        <noscript>\n            <img decoding=\"async\" src=\"https:\/\/hiddengames.wabcreative.de\/wp-content\/uploads\/2019\/10\/Hidden-in-Hamburg_Rickmer-Rickmers.jpg\" alt=\"\" title=\"Hidden in Hamburg_Rickmer Rickmers\"\/>\n        <\/noscript>\n    <\/picture>\n\n                                                                                <h3>A UNIQUE EXPERIENCE<\/h3>\n<p>Meanwhile more and more bachelor parties visit us to make their very special day a unique and unforgettable experience at Hidden in Hamburg. While in the \u201cearlier\u201d days the typical bachelor games on the Hamburg Kiez were the way to go, many bachelors are now looking for alternatives to keep this day in Hamburg in best memory. Maybe you are looking for ideas for a bachelor party in Hamburg and are a little overwhelmed. Don\u2019t worry. We can help. With our Live Escape Game we offer you the chance to dive into another world for an hour. Beside our &#8220;Captain&#8217;s Cabin&#8221;, where you puzzle with your bachelor party in Hamburg on the famous RICKMER RICKMERS, there&#8217;s &#8220;The Forbidden Game&#8221;, where you have to free yourself from the clutches of a dangerous game and &#8220;The Master of Time&#8221;, where future lies in your hands. Both rooms are on board the CAP SAN DIEGO.<\/p>\n\n                                            <\/div>\n                                    <div class=\"text-columns__item\">\n                                                                                                            <a href=\"\/en\/escape-room-hamburg\/play-now\">\n                                                        \n    <picture\n        style=\"padding-top: 75%\"         class=\"picture text-columns__picture\"\n    >\n                <source data-srcset=\"https:\/\/hiddengames.wabcreative.de\/wp-content\/uploads\/2019\/10\/Hidden-in-Hamburg_Cap-San-Diego-800x600.jpg\" media=\"(max-width: 700px)\"\/>\n                <source data-srcset=\"https:\/\/hiddengames.wabcreative.de\/wp-content\/uploads\/2019\/10\/Hidden-in-Hamburg_Cap-San-Diego-1600x1200.jpg\" media=\"(max-width: 860px)\"\/>\n                <img decoding=\"async\"\n            src=\"\"\n            data-srcset=\"https:\/\/hiddengames.wabcreative.de\/wp-content\/uploads\/2019\/10\/Hidden-in-Hamburg_Cap-San-Diego-1600x1200.jpg 1x, https:\/\/hiddengames.wabcreative.de\/wp-content\/uploads\/2019\/10\/Hidden-in-Hamburg_Cap-San-Diego.jpg 2x\"\n            class=\"lazyload picture__image\"\n            alt=\"\"\n            title=\"Hidden in Hamburg_Cap San Diego\"\/>\n\n        <noscript>\n            <img decoding=\"async\" src=\"https:\/\/hiddengames.wabcreative.de\/wp-content\/uploads\/2019\/10\/Hidden-in-Hamburg_Cap-San-Diego.jpg\" alt=\"\" title=\"Hidden in Hamburg_Cap San Diego\"\/>\n        <\/noscript>\n    <\/picture>\n\n                                                                <\/a>\n                                                                            <h3>PROCEDURE AND PRICES<\/h3>\n<p>In our games you can only win if you work as a team. You&#8217;ll have to solve puzzles, find clues, crack locks, and bring your room&#8217;s history to a successful conclusion. Up to 7 people can play in each of our escape rooms at the same time. If you&#8217;re more than that, simply divide into 2 or more rooms.<\/p>\n<p>We have the Master of Time room twice, so you can play against each other with up to 14 people.<\/p>\n<p>&nbsp;<\/p>\n<p><em>The costs for the games are 32 Euro per person (minimum amount of 160\u20ac &#8211; price for 5 players).<\/em><\/p>\n\n                        <a href='\/en\/escape-room-hamburg\/play-now' class=\"button button--border\">Play now<\/a>                    <\/div>\n                                    <div class=\"text-columns__item\">\n                                                                                                            <a href=\"\/en\/riddle-box\">\n                                                        \n    <picture\n        style=\"padding-top: 75%\"         class=\"picture text-columns__picture\"\n    >\n                <source data-srcset=\"https:\/\/hiddengames.wabcreative.de\/wp-content\/uploads\/2019\/10\/Hidden-in-Hamburg_\u00dcberraschungskiste-800x600.jpg\" media=\"(max-width: 700px)\"\/>\n                <source data-srcset=\"https:\/\/hiddengames.wabcreative.de\/wp-content\/uploads\/2019\/10\/Hidden-in-Hamburg_\u00dcberraschungskiste-1600x1200.jpg\" media=\"(max-width: 860px)\"\/>\n                <img decoding=\"async\"\n            src=\"\"\n            data-srcset=\"https:\/\/hiddengames.wabcreative.de\/wp-content\/uploads\/2019\/10\/Hidden-in-Hamburg_\u00dcberraschungskiste-1600x1200.jpg 1x, https:\/\/hiddengames.wabcreative.de\/wp-content\/uploads\/2019\/10\/Hidden-in-Hamburg_\u00dcberraschungskiste.jpg 2x\"\n            class=\"lazyload picture__image\"\n            alt=\"\"\n            title=\"Hidden-in-Hamburg_\u00dcberraschungskiste\"\/>\n\n        <noscript>\n            <img decoding=\"async\" src=\"https:\/\/hiddengames.wabcreative.de\/wp-content\/uploads\/2019\/10\/Hidden-in-Hamburg_\u00dcberraschungskiste.jpg\" alt=\"\" title=\"Hidden-in-Hamburg_\u00dcberraschungskiste\"\/>\n        <\/noscript>\n    <\/picture>\n\n                                                                <\/a>\n                                                                            <h3>SPECIAL OFFERS<\/h3>\n<p>In addition, we offer you suggestions and possibilities for your bachelor party in Hamburg to adapt the rooms and puzzles in each room individually to the bride\/groom. Just give us a call and we&#8217;ll explain how it works and what we can offer you.<\/p>\n<p>If you want the very special extra, then simply add a puzzle box to your booking, think up your own puzzle and surprise the bride or groom with a bottle of sparkling wine or beer and other gifts.<\/p>\n<p>&nbsp;<\/p>\n<p>&nbsp;<\/p>\n\n                        <a href='\/en\/riddle-box' class=\"button button--border\">I want a surprise box<\/a>                    <\/div>\n                            <\/div>\n                    <\/div>\n<\/div>\n\n\n<div class=\"module reviews\">\n    \n    <picture\n                class=\"picture reviews__image picture--hero\"\n    >\n                <source data-srcset=\"https:\/\/hiddengames.wabcreative.de\/wp-content\/uploads\/2019\/10\/Hidden-in-Hamburg_Cap-San-Diego-800x600.jpg\" media=\"(max-width: 700px)\"\/>\n                <source data-srcset=\"https:\/\/hiddengames.wabcreative.de\/wp-content\/uploads\/2019\/10\/Hidden-in-Hamburg_Cap-San-Diego-1600x1200.jpg\" media=\"(max-width: 860px)\"\/>\n                <img decoding=\"async\"\n            src=\"\"\n            data-srcset=\"https:\/\/hiddengames.wabcreative.de\/wp-content\/uploads\/2019\/10\/Hidden-in-Hamburg_Cap-San-Diego-1600x1200.jpg 1x, https:\/\/hiddengames.wabcreative.de\/wp-content\/uploads\/2019\/10\/Hidden-in-Hamburg_Cap-San-Diego.jpg 2x\"\n            class=\"lazyload picture__image\"\n            alt=\"\"\n            title=\"Hidden in Hamburg_Cap San Diego\"\/>\n\n        <noscript>\n            <img decoding=\"async\" src=\"https:\/\/hiddengames.wabcreative.de\/wp-content\/uploads\/2019\/10\/Hidden-in-Hamburg_Cap-San-Diego.jpg\" alt=\"\" title=\"Hidden in Hamburg_Cap San Diego\"\/>\n        <\/noscript>\n    <\/picture>\n\n        <div class=\"reviews__content\">\n                    <div class=\"slideshow\">\n                <div class=\"slideshow__list\">\n                                            <div class=\"slideshow__item\">\n                                                                                        <span class=\"reviews__stars reviews__stars--5\">5 Stars<\/span>\n                                                        <span class=\"reviews__topline\"><\/span>\n                            <blockquote class=\"reviews__quote\">\n                                <p>Wir spielten zu viert den &#8220;Goldenen Sch\u00e4del&#8221; und hatten mega viel Spa\u00df. Der Raum h\u00e4lt tolle \u00dcberraschungen bereit und die Zeit vergeht unglaublich schnell.<br \/>\nBevor das Spiel begann, konnten wir zur \u00dcberbr\u00fcckung der Wartezeit in einem anderen Raum R\u00e4tsel mit Zahlenschl\u00f6ssern l\u00f6sen. Tolle Idee!<\/p>\n                            <\/blockquote>\n                            <span class=\"reviews__author\">Sabrina T.<\/span>\n                        <\/div>\n                                    <\/div>\n            <\/div>\n                        <\/div>\n<\/div>\n","protected":false},"excerpt":{"rendered":"","protected":false},"author":2,"featured_media":0,"parent":2683,"menu_order":93,"comment_status":"closed","ping_status":"closed","template":"","meta":{"_acf_changed":false,"footnotes":""},"class_list":["post-3074","page","type-page","status-publish","hentry"],"acf":[],"yoast_head":"<!-- This site is optimized with the Yoast SEO Premium plugin v21.3 (Yoast SEO v26.2) - https:\/\/yoast.com\/wordpress\/plugins\/seo\/ -->\n<title>Your bachelor party in an Escape Room directly on board<\/title>\n<meta name=\"description\" content=\"Customize the room with your own puzzle! The perfect event for your special day! The group gets to know each other playing in the Escape Rooms on board.\" \/>\n<meta name=\"robots\" content=\"noindex, follow, max-snippet:-1, max-image-preview:large, max-video-preview:-1\" \/>\n<meta property=\"og:locale\" content=\"en_US\" \/>\n<meta property=\"og:type\" content=\"article\" \/>\n<meta property=\"og:title\" content=\"Bachelor Party\" \/>\n<meta property=\"og:description\" content=\"Customize the room with your own puzzle! The perfect event for your special day! The group gets to know each other playing in the Escape Rooms on board.\" \/>\n<meta property=\"og:url\" content=\"https:\/\/hiddengames.wabcreative.de\/en\/escape-room-hamburg\/team-events\/bachelor-party\/\" \/>\n<meta property=\"og:site_name\" content=\"Hidden Games\" \/>\n<meta property=\"article:modified_time\" content=\"2023-07-18T15:15:53+00:00\" \/>\n<meta name=\"twitter:card\" content=\"summary_large_image\" \/>\n<script type=\"application\/ld+json\" class=\"yoast-schema-graph\">{\"@context\":\"https:\/\/schema.org\",\"@graph\":[{\"@type\":\"WebPage\",\"@id\":\"https:\/\/hiddengames.wabcreative.de\/en\/escape-room-hamburg\/team-events\/bachelor-party\/\",\"url\":\"https:\/\/hiddengames.wabcreative.de\/en\/escape-room-hamburg\/team-events\/bachelor-party\/\",\"name\":\"Your bachelor party in an Escape Room directly on board\",\"isPartOf\":{\"@id\":\"https:\/\/hiddengames.wabcreative.de\/en\/#website\"},\"datePublished\":\"2019-11-14T13:19:44+00:00\",\"dateModified\":\"2023-07-18T15:15:53+00:00\",\"description\":\"Customize the room with your own puzzle! The perfect event for your special day! The group gets to know each other playing in the Escape Rooms on board.\",\"breadcrumb\":{\"@id\":\"https:\/\/hiddengames.wabcreative.de\/en\/escape-room-hamburg\/team-events\/bachelor-party\/#breadcrumb\"},\"inLanguage\":\"en-US\",\"potentialAction\":[{\"@type\":\"ReadAction\",\"target\":[\"https:\/\/hiddengames.wabcreative.de\/en\/escape-room-hamburg\/team-events\/bachelor-party\/\"]}]},{\"@type\":\"BreadcrumbList\",\"@id\":\"https:\/\/hiddengames.wabcreative.de\/en\/escape-room-hamburg\/team-events\/bachelor-party\/#breadcrumb\",\"itemListElement\":[{\"@type\":\"ListItem\",\"position\":1,\"name\":\"Home\",\"item\":\"https:\/\/hiddengames.wabcreative.de\/en\/\"},{\"@type\":\"ListItem\",\"position\":2,\"name\":\"Hamburg\",\"item\":\"https:\/\/hiddengames.wabcreative.de\/en\/escape-room-hamburg\/\"},{\"@type\":\"ListItem\",\"position\":3,\"name\":\"Team events\",\"item\":\"https:\/\/hiddengames.wabcreative.de\/en\/escape-room-hamburg\/teamevents\/\"},{\"@type\":\"ListItem\",\"position\":4,\"name\":\"Bachelor Party\"}]},{\"@type\":\"WebSite\",\"@id\":\"https:\/\/hiddengames.wabcreative.de\/en\/#website\",\"url\":\"https:\/\/hiddengames.wabcreative.de\/en\/\",\"name\":\"Hidden Games\",\"description\":\"Escape Rooms in Germany and Switzerland\",\"publisher\":{\"@id\":\"https:\/\/hiddengames.wabcreative.de\/en\/#organization\"},\"potentialAction\":[{\"@type\":\"SearchAction\",\"target\":{\"@type\":\"EntryPoint\",\"urlTemplate\":\"https:\/\/hiddengames.wabcreative.de\/en\/?s={search_term_string}\"},\"query-input\":{\"@type\":\"PropertyValueSpecification\",\"valueRequired\":true,\"valueName\":\"search_term_string\"}}],\"inLanguage\":\"en-US\"},{\"@type\":\"Organization\",\"@id\":\"https:\/\/hiddengames.wabcreative.de\/en\/#organization\",\"name\":\"Hidden Games\",\"url\":\"https:\/\/hiddengames.wabcreative.de\/en\/\",\"logo\":{\"@type\":\"ImageObject\",\"inLanguage\":\"en-US\",\"@id\":\"https:\/\/hiddengames.wabcreative.de\/en\/#\/schema\/logo\/image\/\",\"url\":\"https:\/\/www.hidden.games\/wp-content\/uploads\/2021\/03\/hidden_logo_emails_black.jpg\",\"contentUrl\":\"https:\/\/www.hidden.games\/wp-content\/uploads\/2021\/03\/hidden_logo_emails_black.jpg\",\"width\":350,\"height\":156,\"caption\":\"Hidden Games\"},\"image\":{\"@id\":\"https:\/\/hiddengames.wabcreative.de\/en\/#\/schema\/logo\/image\/\"}}]}<\/script>\n<!-- \/ Yoast SEO Premium plugin. -->","yoast_head_json":{"title":"Your bachelor party in an Escape Room directly on board","description":"Customize the room with your own puzzle! The perfect event for your special day! The group gets to know each other playing in the Escape Rooms on board.","robots":{"index":"noindex","follow":"follow","max-snippet":"max-snippet:-1","max-image-preview":"max-image-preview:large","max-video-preview":"max-video-preview:-1"},"og_locale":"en_US","og_type":"article","og_title":"Bachelor Party","og_description":"Customize the room with your own puzzle! The perfect event for your special day! The group gets to know each other playing in the Escape Rooms on board.","og_url":"https:\/\/hiddengames.wabcreative.de\/en\/escape-room-hamburg\/team-events\/bachelor-party\/","og_site_name":"Hidden Games","article_modified_time":"2023-07-18T15:15:53+00:00","twitter_card":"summary_large_image","schema":{"@context":"https:\/\/schema.org","@graph":[{"@type":"WebPage","@id":"https:\/\/hiddengames.wabcreative.de\/en\/escape-room-hamburg\/team-events\/bachelor-party\/","url":"https:\/\/hiddengames.wabcreative.de\/en\/escape-room-hamburg\/team-events\/bachelor-party\/","name":"Your bachelor party in an Escape Room directly on board","isPartOf":{"@id":"https:\/\/hiddengames.wabcreative.de\/en\/#website"},"datePublished":"2019-11-14T13:19:44+00:00","dateModified":"2023-07-18T15:15:53+00:00","description":"Customize the room with your own puzzle! The perfect event for your special day! The group gets to know each other playing in the Escape Rooms on board.","breadcrumb":{"@id":"https:\/\/hiddengames.wabcreative.de\/en\/escape-room-hamburg\/team-events\/bachelor-party\/#breadcrumb"},"inLanguage":"en-US","potentialAction":[{"@type":"ReadAction","target":["https:\/\/hiddengames.wabcreative.de\/en\/escape-room-hamburg\/team-events\/bachelor-party\/"]}]},{"@type":"BreadcrumbList","@id":"https:\/\/hiddengames.wabcreative.de\/en\/escape-room-hamburg\/team-events\/bachelor-party\/#breadcrumb","itemListElement":[{"@type":"ListItem","position":1,"name":"Home","item":"https:\/\/hiddengames.wabcreative.de\/en\/"},{"@type":"ListItem","position":2,"name":"Hamburg","item":"https:\/\/hiddengames.wabcreative.de\/en\/escape-room-hamburg\/"},{"@type":"ListItem","position":3,"name":"Team events","item":"https:\/\/hiddengames.wabcreative.de\/en\/escape-room-hamburg\/teamevents\/"},{"@type":"ListItem","position":4,"name":"Bachelor Party"}]},{"@type":"WebSite","@id":"https:\/\/hiddengames.wabcreative.de\/en\/#website","url":"https:\/\/hiddengames.wabcreative.de\/en\/","name":"Hidden Games","description":"Escape Rooms in Germany and Switzerland","publisher":{"@id":"https:\/\/hiddengames.wabcreative.de\/en\/#organization"},"potentialAction":[{"@type":"SearchAction","target":{"@type":"EntryPoint","urlTemplate":"https:\/\/hiddengames.wabcreative.de\/en\/?s={search_term_string}"},"query-input":{"@type":"PropertyValueSpecification","valueRequired":true,"valueName":"search_term_string"}}],"inLanguage":"en-US"},{"@type":"Organization","@id":"https:\/\/hiddengames.wabcreative.de\/en\/#organization","name":"Hidden Games","url":"https:\/\/hiddengames.wabcreative.de\/en\/","logo":{"@type":"ImageObject","inLanguage":"en-US","@id":"https:\/\/hiddengames.wabcreative.de\/en\/#\/schema\/logo\/image\/","url":"https:\/\/www.hidden.games\/wp-content\/uploads\/2021\/03\/hidden_logo_emails_black.jpg","contentUrl":"https:\/\/www.hidden.games\/wp-content\/uploads\/2021\/03\/hidden_logo_emails_black.jpg","width":350,"height":156,"caption":"Hidden Games"},"image":{"@id":"https:\/\/hiddengames.wabcreative.de\/en\/#\/schema\/logo\/image\/"}}]}},"_links":{"self":[{"href":"https:\/\/hiddengames.wabcreative.de\/en\/wp-json\/wp\/v2\/pages\/3074","targetHints":{"allow":["GET"]}}],"collection":[{"href":"https:\/\/hiddengames.wabcreative.de\/en\/wp-json\/wp\/v2\/pages"}],"about":[{"href":"https:\/\/hiddengames.wabcreative.de\/en\/wp-json\/wp\/v2\/types\/page"}],"author":[{"embeddable":true,"href":"https:\/\/hiddengames.wabcreative.de\/en\/wp-json\/wp\/v2\/users\/2"}],"replies":[{"embeddable":true,"href":"https:\/\/hiddengames.wabcreative.de\/en\/wp-json\/wp\/v2\/comments?post=3074"}],"version-history":[{"count":4,"href":"https:\/\/hiddengames.wabcreative.de\/en\/wp-json\/wp\/v2\/pages\/3074\/revisions"}],"predecessor-version":[{"id":292215,"href":"https:\/\/hiddengames.wabcreative.de\/en\/wp-json\/wp\/v2\/pages\/3074\/revisions\/292215"}],"up":[{"embeddable":true,"href":"https:\/\/hiddengames.wabcreative.de\/en\/wp-json\/wp\/v2\/pages\/2683"}],"wp:attachment":[{"href":"https:\/\/hiddengames.wabcreative.de\/en\/wp-json\/wp\/v2\/media?parent=3074"}],"curies":[{"name":"wp","href":"https:\/\/api.w.org\/{rel}","templated":true}]}}