{"id":2705,"date":"2019-10-30T10:49:53","date_gmt":"2019-10-30T10:49:53","guid":{"rendered":"https:\/\/www.hidden-games.de\/?page_id=2705"},"modified":"2020-02-28T13:37:32","modified_gmt":"2020-02-28T13:37:32","slug":"imprint","status":"publish","type":"page","link":"https:\/\/hiddengames.wabcreative.de\/en\/escape-room-hamburg\/imprint\/","title":{"rendered":"Imprint"},"content":{"rendered":"<div class=\"module banner banner--small\" >\n    <div class=\"banner__media\">\n                    \n    <picture\n                class=\"picture  picture--hero\"\n    >\n                <source data-srcset=\"https:\/\/hiddengames.wabcreative.de\/wp-content\/uploads\/2019\/09\/hidden-in-hamburg-bewertungen-800x584.jpg\" media=\"(max-width: 700px)\"\/>\n                <source data-srcset=\"https:\/\/hiddengames.wabcreative.de\/wp-content\/uploads\/2019\/09\/hidden-in-hamburg-bewertungen-1600x1169.jpg\" media=\"(max-width: 860px)\"\/>\n                <img decoding=\"async\"\n            src=\"\"\n            data-srcset=\"https:\/\/hiddengames.wabcreative.de\/wp-content\/uploads\/2019\/09\/hidden-in-hamburg-bewertungen-1600x1169.jpg 1x, https:\/\/hiddengames.wabcreative.de\/wp-content\/uploads\/2019\/09\/hidden-in-hamburg-bewertungen.jpg 2x\"\n            class=\"lazyload picture__image\"\n            alt=\"\"\n            title=\"hidden-in-hamburg-bewertungen\"\/>\n\n        <noscript>\n            <img decoding=\"async\" src=\"https:\/\/hiddengames.wabcreative.de\/wp-content\/uploads\/2019\/09\/hidden-in-hamburg-bewertungen.jpg\" alt=\"\" title=\"hidden-in-hamburg-bewertungen\"\/>\n        <\/noscript>\n    <\/picture>\n\n                <\/div>\n    <div class=\"banner__content container\">\n        <span class=\"topline\">Hidden in Hamburg<\/span>\n                    <h1>Imprint<\/h1>\n        \n        \n        \n                \n    <\/div>\n<\/div>\n\n\n<div class=\"module text-columns text-columns\">\n    <div class=\"container\">\n        \n                            <div class=\"grid grid--big-gaps size--12 size--tp-12 size--m-12\">\n                                    <div class=\"text-columns__item\">\n                                                                        <h1>imprint<\/h1>\n<p>Information according to \u00a7 5 TMG<\/p>\n<h3><strong>Contact<\/strong><\/h3>\n<p>Hidden in Hamburg<br \/>\nAn Bord der CAP SAN DIEGO<br \/>\n\u00dcberseebr\u00fccke | 20459 Hamburg<\/p>\n<p>Phone: +49 40 645 676 66<br \/>\nE-Mail: hamburg@hidden-games.de<\/p>\n<h3><strong>Operator and representation<br \/>\n<\/strong><\/h3>\n<p>Hidden in Hamburg Muu\u00df &amp; Muu\u00df GbR<br \/>\n(Representation by the shareholders\u00a0 Rieke Muu\u00df, Felix Muu\u00df und Fridolin Muu\u00df)<\/p>\n\n                                            <\/div>\n                            <\/div>\n                    <\/div>\n<\/div>\n","protected":false},"excerpt":{"rendered":"","protected":false},"author":1,"featured_media":0,"parent":2716,"menu_order":111,"comment_status":"closed","ping_status":"closed","template":"","meta":{"_acf_changed":false,"footnotes":""},"class_list":["post-2705","page","type-page","status-publish","hentry"],"acf":[],"yoast_head":"<!-- This site is optimized with the Yoast SEO Premium plugin v21.3 (Yoast SEO v26.2) - https:\/\/yoast.com\/wordpress\/plugins\/seo\/ -->\n<title>Imprint - Hidden Games<\/title>\n<meta name=\"description\" content=\"Here you can find the Imprint of Hidden in Hamburg\" \/>\n<meta name=\"robots\" content=\"noindex, follow, max-snippet:-1, max-image-preview:large, max-video-preview:-1\" \/>\n<meta property=\"og:locale\" content=\"en_US\" \/>\n<meta property=\"og:type\" content=\"article\" \/>\n<meta property=\"og:title\" content=\"Imprint\" \/>\n<meta property=\"og:description\" content=\"Here you can find the Imprint of Hidden in Hamburg\" \/>\n<meta property=\"og:url\" content=\"https:\/\/hiddengames.wabcreative.de\/en\/escape-room-hamburg\/imprint\/\" \/>\n<meta property=\"og:site_name\" content=\"Hidden Games\" \/>\n<meta property=\"article:modified_time\" content=\"2020-02-28T13:37:32+00:00\" \/>\n<meta name=\"twitter:card\" content=\"summary_large_image\" \/>\n<script type=\"application\/ld+json\" class=\"yoast-schema-graph\">{\"@context\":\"https:\/\/schema.org\",\"@graph\":[{\"@type\":\"WebPage\",\"@id\":\"https:\/\/hiddengames.wabcreative.de\/en\/escape-room-hamburg\/imprint\/\",\"url\":\"https:\/\/hiddengames.wabcreative.de\/en\/escape-room-hamburg\/imprint\/\",\"name\":\"Imprint - Hidden Games\",\"isPartOf\":{\"@id\":\"https:\/\/hiddengames.wabcreative.de\/en\/#website\"},\"datePublished\":\"2019-10-30T10:49:53+00:00\",\"dateModified\":\"2020-02-28T13:37:32+00:00\",\"description\":\"Here you can find the Imprint of Hidden in Hamburg\",\"breadcrumb\":{\"@id\":\"https:\/\/hiddengames.wabcreative.de\/en\/escape-room-hamburg\/imprint\/#breadcrumb\"},\"inLanguage\":\"en-US\",\"potentialAction\":[{\"@type\":\"ReadAction\",\"target\":[\"https:\/\/hiddengames.wabcreative.de\/en\/escape-room-hamburg\/imprint\/\"]}]},{\"@type\":\"BreadcrumbList\",\"@id\":\"https:\/\/hiddengames.wabcreative.de\/en\/escape-room-hamburg\/imprint\/#breadcrumb\",\"itemListElement\":[{\"@type\":\"ListItem\",\"position\":1,\"name\":\"Home\",\"item\":\"https:\/\/hiddengames.wabcreative.de\/en\/\"},{\"@type\":\"ListItem\",\"position\":2,\"name\":\"Hamburg\",\"item\":\"https:\/\/hiddengames.wabcreative.de\/en\/escape-room-hamburg\/\"},{\"@type\":\"ListItem\",\"position\":3,\"name\":\"Imprint\"}]},{\"@type\":\"WebSite\",\"@id\":\"https:\/\/hiddengames.wabcreative.de\/en\/#website\",\"url\":\"https:\/\/hiddengames.wabcreative.de\/en\/\",\"name\":\"Hidden Games\",\"description\":\"Escape Rooms in Germany and Switzerland\",\"publisher\":{\"@id\":\"https:\/\/hiddengames.wabcreative.de\/en\/#organization\"},\"potentialAction\":[{\"@type\":\"SearchAction\",\"target\":{\"@type\":\"EntryPoint\",\"urlTemplate\":\"https:\/\/hiddengames.wabcreative.de\/en\/?s={search_term_string}\"},\"query-input\":{\"@type\":\"PropertyValueSpecification\",\"valueRequired\":true,\"valueName\":\"search_term_string\"}}],\"inLanguage\":\"en-US\"},{\"@type\":\"Organization\",\"@id\":\"https:\/\/hiddengames.wabcreative.de\/en\/#organization\",\"name\":\"Hidden Games\",\"url\":\"https:\/\/hiddengames.wabcreative.de\/en\/\",\"logo\":{\"@type\":\"ImageObject\",\"inLanguage\":\"en-US\",\"@id\":\"https:\/\/hiddengames.wabcreative.de\/en\/#\/schema\/logo\/image\/\",\"url\":\"https:\/\/www.hidden.games\/wp-content\/uploads\/2021\/03\/hidden_logo_emails_black.jpg\",\"contentUrl\":\"https:\/\/www.hidden.games\/wp-content\/uploads\/2021\/03\/hidden_logo_emails_black.jpg\",\"width\":350,\"height\":156,\"caption\":\"Hidden Games\"},\"image\":{\"@id\":\"https:\/\/hiddengames.wabcreative.de\/en\/#\/schema\/logo\/image\/\"}}]}<\/script>\n<!-- \/ Yoast SEO Premium plugin. -->","yoast_head_json":{"title":"Imprint - Hidden Games","description":"Here you can find the Imprint of Hidden in Hamburg","robots":{"index":"noindex","follow":"follow","max-snippet":"max-snippet:-1","max-image-preview":"max-image-preview:large","max-video-preview":"max-video-preview:-1"},"og_locale":"en_US","og_type":"article","og_title":"Imprint","og_description":"Here you can find the Imprint of Hidden in Hamburg","og_url":"https:\/\/hiddengames.wabcreative.de\/en\/escape-room-hamburg\/imprint\/","og_site_name":"Hidden Games","article_modified_time":"2020-02-28T13:37:32+00:00","twitter_card":"summary_large_image","schema":{"@context":"https:\/\/schema.org","@graph":[{"@type":"WebPage","@id":"https:\/\/hiddengames.wabcreative.de\/en\/escape-room-hamburg\/imprint\/","url":"https:\/\/hiddengames.wabcreative.de\/en\/escape-room-hamburg\/imprint\/","name":"Imprint - Hidden Games","isPartOf":{"@id":"https:\/\/hiddengames.wabcreative.de\/en\/#website"},"datePublished":"2019-10-30T10:49:53+00:00","dateModified":"2020-02-28T13:37:32+00:00","description":"Here you can find the Imprint of Hidden in Hamburg","breadcrumb":{"@id":"https:\/\/hiddengames.wabcreative.de\/en\/escape-room-hamburg\/imprint\/#breadcrumb"},"inLanguage":"en-US","potentialAction":[{"@type":"ReadAction","target":["https:\/\/hiddengames.wabcreative.de\/en\/escape-room-hamburg\/imprint\/"]}]},{"@type":"BreadcrumbList","@id":"https:\/\/hiddengames.wabcreative.de\/en\/escape-room-hamburg\/imprint\/#breadcrumb","itemListElement":[{"@type":"ListItem","position":1,"name":"Home","item":"https:\/\/hiddengames.wabcreative.de\/en\/"},{"@type":"ListItem","position":2,"name":"Hamburg","item":"https:\/\/hiddengames.wabcreative.de\/en\/escape-room-hamburg\/"},{"@type":"ListItem","position":3,"name":"Imprint"}]},{"@type":"WebSite","@id":"https:\/\/hiddengames.wabcreative.de\/en\/#website","url":"https:\/\/hiddengames.wabcreative.de\/en\/","name":"Hidden Games","description":"Escape Rooms in Germany and Switzerland","publisher":{"@id":"https:\/\/hiddengames.wabcreative.de\/en\/#organization"},"potentialAction":[{"@type":"SearchAction","target":{"@type":"EntryPoint","urlTemplate":"https:\/\/hiddengames.wabcreative.de\/en\/?s={search_term_string}"},"query-input":{"@type":"PropertyValueSpecification","valueRequired":true,"valueName":"search_term_string"}}],"inLanguage":"en-US"},{"@type":"Organization","@id":"https:\/\/hiddengames.wabcreative.de\/en\/#organization","name":"Hidden Games","url":"https:\/\/hiddengames.wabcreative.de\/en\/","logo":{"@type":"ImageObject","inLanguage":"en-US","@id":"https:\/\/hiddengames.wabcreative.de\/en\/#\/schema\/logo\/image\/","url":"https:\/\/www.hidden.games\/wp-content\/uploads\/2021\/03\/hidden_logo_emails_black.jpg","contentUrl":"https:\/\/www.hidden.games\/wp-content\/uploads\/2021\/03\/hidden_logo_emails_black.jpg","width":350,"height":156,"caption":"Hidden Games"},"image":{"@id":"https:\/\/hiddengames.wabcreative.de\/en\/#\/schema\/logo\/image\/"}}]}},"_links":{"self":[{"href":"https:\/\/hiddengames.wabcreative.de\/en\/wp-json\/wp\/v2\/pages\/2705","targetHints":{"allow":["GET"]}}],"collection":[{"href":"https:\/\/hiddengames.wabcreative.de\/en\/wp-json\/wp\/v2\/pages"}],"about":[{"href":"https:\/\/hiddengames.wabcreative.de\/en\/wp-json\/wp\/v2\/types\/page"}],"author":[{"embeddable":true,"href":"https:\/\/hiddengames.wabcreative.de\/en\/wp-json\/wp\/v2\/users\/1"}],"replies":[{"embeddable":true,"href":"https:\/\/hiddengames.wabcreative.de\/en\/wp-json\/wp\/v2\/comments?post=2705"}],"version-history":[{"count":4,"href":"https:\/\/hiddengames.wabcreative.de\/en\/wp-json\/wp\/v2\/pages\/2705\/revisions"}],"predecessor-version":[{"id":3039,"href":"https:\/\/hiddengames.wabcreative.de\/en\/wp-json\/wp\/v2\/pages\/2705\/revisions\/3039"}],"up":[{"embeddable":true,"href":"https:\/\/hiddengames.wabcreative.de\/en\/wp-json\/wp\/v2\/pages\/2716"}],"wp:attachment":[{"href":"https:\/\/hiddengames.wabcreative.de\/en\/wp-json\/wp\/v2\/media?parent=2705"}],"curies":[{"name":"wp","href":"https:\/\/api.w.org\/{rel}","templated":true}]}}