{"id":2683,"date":"2019-08-20T13:34:02","date_gmt":"2019-08-20T13:34:02","guid":{"rendered":"https:\/\/www.hidden-games.de\/teamevents\/"},"modified":"2023-07-18T16:43:28","modified_gmt":"2023-07-18T14:43:28","slug":"team-events","status":"publish","type":"page","link":"https:\/\/hiddengames.wabcreative.de\/en\/escape-room-hamburg\/team-events\/","title":{"rendered":"Team events"},"content":{"rendered":"<div class=\"module banner banner--small\" >\n    <div class=\"banner__media\">\n                    \n    <picture\n                class=\"picture  picture--hero\"\n    >\n                <source data-srcset=\"https:\/\/hiddengames.wabcreative.de\/wp-content\/uploads\/2019\/09\/hidden-in-hamburg-teamevents-800x536.jpg\" media=\"(max-width: 700px)\"\/>\n                <source data-srcset=\"https:\/\/hiddengames.wabcreative.de\/wp-content\/uploads\/2019\/09\/hidden-in-hamburg-teamevents.jpg\" media=\"(max-width: 860px)\"\/>\n                <img decoding=\"async\"\n            src=\"\"\n            data-srcset=\"https:\/\/hiddengames.wabcreative.de\/wp-content\/uploads\/2019\/09\/hidden-in-hamburg-teamevents.jpg 1x, https:\/\/hiddengames.wabcreative.de\/wp-content\/uploads\/2019\/09\/hidden-in-hamburg-teamevents.jpg 2x\"\n            class=\"lazyload picture__image\"\n            alt=\"\"\n            title=\"Hidden in Hamburg Teamevents\"\/>\n\n        <noscript>\n            <img decoding=\"async\" src=\"https:\/\/hiddengames.wabcreative.de\/wp-content\/uploads\/2019\/09\/hidden-in-hamburg-teamevents.jpg\" alt=\"\" title=\"Hidden in Hamburg Teamevents\"\/>\n        <\/noscript>\n    <\/picture>\n\n                <\/div>\n    <div class=\"banner__content container\">\n        <span class=\"topline\">Team Events<\/span>\n                    <h1>Are you looking for something special? This is the right place for you!<\/h1>\n        \n        \n        \n                \n    <\/div>\n<\/div>\n\n\n<div class=\"module text text--centered\">\n    <div class=\"container\">\n        <div class=\"text__content\">\n            <h2>Whether you plan to go on a company excursion, bachelor party or school trip, our Escape Rooms are always a good idea.<\/h2>\n        <\/div>\n    <\/div>\n<\/div>\n\n\n<div class=\"module text-columns text-columns\">\n    <div class=\"container\">\n        \n                            <div class=\"grid grid--big-gaps size--6 size--tp-6 size--m-12\">\n                                    <div class=\"text-columns__item\">\n                                                                                                            <a href=\"\/en\/escape-room-hamburg\/company-excursion\">\n                                                        \n    <picture\n        style=\"padding-top: 75%\"         class=\"picture text-columns__picture\"\n    >\n                <source data-srcset=\"https:\/\/hiddengames.wabcreative.de\/wp-content\/uploads\/2019\/10\/Hidden-in-Hamburg_Rickmer-Rickmers-800x600.jpg\" media=\"(max-width: 700px)\"\/>\n                <source data-srcset=\"https:\/\/hiddengames.wabcreative.de\/wp-content\/uploads\/2019\/10\/Hidden-in-Hamburg_Rickmer-Rickmers-1600x1200.jpg\" media=\"(max-width: 860px)\"\/>\n                <img decoding=\"async\"\n            src=\"\"\n            data-srcset=\"https:\/\/hiddengames.wabcreative.de\/wp-content\/uploads\/2019\/10\/Hidden-in-Hamburg_Rickmer-Rickmers-1600x1200.jpg 1x, https:\/\/hiddengames.wabcreative.de\/wp-content\/uploads\/2019\/10\/Hidden-in-Hamburg_Rickmer-Rickmers.jpg 2x\"\n            class=\"lazyload picture__image\"\n            alt=\"\"\n            title=\"Hidden in Hamburg_Rickmer Rickmers\"\/>\n\n        <noscript>\n            <img decoding=\"async\" src=\"https:\/\/hiddengames.wabcreative.de\/wp-content\/uploads\/2019\/10\/Hidden-in-Hamburg_Rickmer-Rickmers.jpg\" alt=\"\" title=\"Hidden in Hamburg_Rickmer Rickmers\"\/>\n        <\/noscript>\n    <\/picture>\n\n                                                                <\/a>\n                                                                            <h2>Company Excursions<\/h2>\n<p>On board the ships RICKMERS RICKMERS and CAP SAN DIEGO<\/p>\n<p>With our Escape Rooms you dive into a completely different world for an hour. To solve the tasks you will face there, you&#8217;ll need to puzzle and work together as a team. Our Escape Rooms are perfect for company excursions. Depending on how much time you have and how large your group and budget is, we have several options for you.<\/p>\n<p>&nbsp;<\/p>\n\n                        <a href='\/en\/escape-room-hamburg\/company-excursion' class=\"button button--border\">Company Excursion<\/a>                    <\/div>\n                                    <div class=\"text-columns__item\">\n                                                                                                            <a href=\"\/en\/escape-room-hamburg\/team-events\/bachelor-party\">\n                                                        \n    <picture\n        style=\"padding-top: 75%\"         class=\"picture text-columns__picture\"\n    >\n                <source data-srcset=\"https:\/\/hiddengames.wabcreative.de\/wp-content\/uploads\/2019\/10\/Hidden-in-Hamburg_Cap-San-Diego-800x600.jpg\" media=\"(max-width: 700px)\"\/>\n                <source data-srcset=\"https:\/\/hiddengames.wabcreative.de\/wp-content\/uploads\/2019\/10\/Hidden-in-Hamburg_Cap-San-Diego-1600x1200.jpg\" media=\"(max-width: 860px)\"\/>\n                <img decoding=\"async\"\n            src=\"\"\n            data-srcset=\"https:\/\/hiddengames.wabcreative.de\/wp-content\/uploads\/2019\/10\/Hidden-in-Hamburg_Cap-San-Diego-1600x1200.jpg 1x, https:\/\/hiddengames.wabcreative.de\/wp-content\/uploads\/2019\/10\/Hidden-in-Hamburg_Cap-San-Diego.jpg 2x\"\n            class=\"lazyload picture__image\"\n            alt=\"\"\n            title=\"Hidden in Hamburg_Cap San Diego\"\/>\n\n        <noscript>\n            <img decoding=\"async\" src=\"https:\/\/hiddengames.wabcreative.de\/wp-content\/uploads\/2019\/10\/Hidden-in-Hamburg_Cap-San-Diego.jpg\" alt=\"\" title=\"Hidden in Hamburg_Cap San Diego\"\/>\n        <\/noscript>\n    <\/picture>\n\n                                                                <\/a>\n                                                                            <h3>BACHELOR PARTY<\/h3>\n<p>Meanwhile more and more bachelor parties visit us to make their very special day a unique and unforgettable experience at Hidden in Hamburg.<\/p>\n<p>While in the \u201cearlier\u201d days the typical bachelor games on the Hamburg Kiez were the way to go, many bachelors are now looking for alternatives to keep this day in Hamburg in best memory.<\/p>\n<p>Maybe you are looking for ideas for a bachelor party in Hamburg and are a little overwhelmed. Don\u2019t worry. We can help.<\/p>\n<p>&nbsp;<\/p>\n\n                        <a href='\/en\/escape-room-hamburg\/team-events\/bachelor-party' class=\"button button--border\">Bachelor Party<\/a>                    <\/div>\n                            <\/div>\n                    <\/div>\n<\/div>\n\n\n<div class=\"module text-columns text-columns\">\n    <div class=\"container\">\n        \n                            <div class=\"grid grid--big-gaps size--6 size--tp-6 size--m-12\">\n                                    <div class=\"text-columns__item\">\n                                                                                                            <a href=\"\/en\/escape-room-hamburg\/school-trip\">\n                                                        \n    <picture\n        style=\"padding-top: 75%\"         class=\"picture text-columns__picture\"\n    >\n                <source data-srcset=\"https:\/\/hiddengames.wabcreative.de\/wp-content\/uploads\/2019\/10\/Hidden-in-Hamburg_Der-goldene-Sch\u00e4del-800x600.jpg\" media=\"(max-width: 700px)\"\/>\n                <source data-srcset=\"https:\/\/hiddengames.wabcreative.de\/wp-content\/uploads\/2019\/10\/Hidden-in-Hamburg_Der-goldene-Sch\u00e4del-1600x1200.jpg\" media=\"(max-width: 860px)\"\/>\n                <img decoding=\"async\"\n            src=\"\"\n            data-srcset=\"https:\/\/hiddengames.wabcreative.de\/wp-content\/uploads\/2019\/10\/Hidden-in-Hamburg_Der-goldene-Sch\u00e4del-1600x1200.jpg 1x, https:\/\/hiddengames.wabcreative.de\/wp-content\/uploads\/2019\/10\/Hidden-in-Hamburg_Der-goldene-Sch\u00e4del.jpg 2x\"\n            class=\"lazyload picture__image\"\n            alt=\"\"\n            title=\"Hidden-in-Hamburg_Der-goldene-Sch\u00e4del\"\/>\n\n        <noscript>\n            <img decoding=\"async\" src=\"https:\/\/hiddengames.wabcreative.de\/wp-content\/uploads\/2019\/10\/Hidden-in-Hamburg_Der-goldene-Sch\u00e4del.jpg\" alt=\"\" title=\"Hidden-in-Hamburg_Der-goldene-Sch\u00e4del\"\/>\n        <\/noscript>\n    <\/picture>\n\n                                                                <\/a>\n                                                                            <h3>SCHOOL TRIPS<\/h3>\n<p>Are you looking for a very special activity for a class trip in Hamburg? Then our Escape Rooms on board the CAP SAN DIEGO are just the thing for you.<\/p>\n<p>In our Escape Rooms students must solve many puzzles, find hiding places, use items and open some secret doors to solve the given task within an hour.<\/p>\n<p>&nbsp;<\/p>\n\n                        <a href='\/en\/escape-room-hamburg\/school-trip' class=\"button button--border\">A special school trip<\/a>                    <\/div>\n                                    <div class=\"text-columns__item\">\n                                                                                                            <a href=\"\/en\/escape-room-hamburg\/team-events\/childrens-birthday-party\">\n                                                        \n    <picture\n        style=\"padding-top: 75%\"         class=\"picture text-columns__picture\"\n    >\n                <source data-srcset=\"https:\/\/hiddengames.wabcreative.de\/wp-content\/uploads\/2019\/10\/Hidden-in-Hamburg_Tempel-800x600.jpg\" media=\"(max-width: 700px)\"\/>\n                <source data-srcset=\"https:\/\/hiddengames.wabcreative.de\/wp-content\/uploads\/2019\/10\/Hidden-in-Hamburg_Tempel-1600x1200.jpg\" media=\"(max-width: 860px)\"\/>\n                <img decoding=\"async\"\n            src=\"\"\n            data-srcset=\"https:\/\/hiddengames.wabcreative.de\/wp-content\/uploads\/2019\/10\/Hidden-in-Hamburg_Tempel-1600x1200.jpg 1x, https:\/\/hiddengames.wabcreative.de\/wp-content\/uploads\/2019\/10\/Hidden-in-Hamburg_Tempel.jpg 2x\"\n            class=\"lazyload picture__image\"\n            alt=\"\"\n            title=\"Hidden-in-Hamburg_Tempel\"\/>\n\n        <noscript>\n            <img decoding=\"async\" src=\"https:\/\/hiddengames.wabcreative.de\/wp-content\/uploads\/2019\/10\/Hidden-in-Hamburg_Tempel.jpg\" alt=\"\" title=\"Hidden-in-Hamburg_Tempel\"\/>\n        <\/noscript>\n    <\/picture>\n\n                                                                <\/a>\n                                                                            <h3>CHILDREN`S BIRTHDAY PARTY<\/h3>\n<p>Are you looking for a very special activity for a children&#8217;s birthday party in Hamburg? Then our Escape Rooms on board the CAP SAN DIEGO are just the thing for you.<\/p>\n<p>In our Escape Rooms the children have to solve many puzzles, find hiding places, use objects and open some secret doors to solve the given task within one hour.<\/p>\n<p>&nbsp;<\/p>\n\n                        <a href='\/en\/escape-room-hamburg\/team-events\/childrens-birthday-party' class=\"button button--border\">An unforgettable birthday party<\/a>                    <\/div>\n                            <\/div>\n                    <\/div>\n<\/div>\n\n\n<div class=\"module reviews\">\n    \n    <picture\n                class=\"picture reviews__image picture--hero\"\n    >\n                <source data-srcset=\"https:\/\/hiddengames.wabcreative.de\/wp-content\/uploads\/2019\/09\/hidden-in-hamburg-bewertungen-1-800x450.jpg\" media=\"(max-width: 700px)\"\/>\n                <source data-srcset=\"https:\/\/hiddengames.wabcreative.de\/wp-content\/uploads\/2019\/09\/hidden-in-hamburg-bewertungen-1-1600x900.jpg\" media=\"(max-width: 860px)\"\/>\n                <img decoding=\"async\"\n            src=\"\"\n            data-srcset=\"https:\/\/hiddengames.wabcreative.de\/wp-content\/uploads\/2019\/09\/hidden-in-hamburg-bewertungen-1-1600x900.jpg 1x, https:\/\/hiddengames.wabcreative.de\/wp-content\/uploads\/2019\/09\/hidden-in-hamburg-bewertungen-1.jpg 2x\"\n            class=\"lazyload picture__image\"\n            alt=\"\"\n            title=\"hidden-in-hamburg-bewertungen\"\/>\n\n        <noscript>\n            <img decoding=\"async\" src=\"https:\/\/hiddengames.wabcreative.de\/wp-content\/uploads\/2019\/09\/hidden-in-hamburg-bewertungen-1.jpg\" alt=\"\" title=\"hidden-in-hamburg-bewertungen\"\/>\n        <\/noscript>\n    <\/picture>\n\n        <div class=\"reviews__content\">\n                    <div class=\"slideshow\">\n                <div class=\"slideshow__list\">\n                                            <div class=\"slideshow__item\">\n                                                                                        <span class=\"reviews__stars reviews__stars--5\">5 Stars<\/span>\n                                                        <span class=\"reviews__topline\">Was die anderen sagen<\/span>\n                            <blockquote class=\"reviews__quote\">\n                                <p>Toller Service, sch\u00f6nes Erlebnis, mit Liebe gemacht. Der Meister der Zeit ist klasse!<\/p>\n                            <\/blockquote>\n                            <span class=\"reviews__author\">Thorsten I.<\/span>\n                        <\/div>\n                                            <div class=\"slideshow__item\">\n                                                                                        <span class=\"reviews__stars reviews__stars--5\">5 Stars<\/span>\n                                                        <span class=\"reviews__topline\">Was die anderen sagen<\/span>\n                            <blockquote class=\"reviews__quote\">\n                                <p>Einfach toll! Wir haben vorgestern den goldenen Sch\u00e4del gespielt und es war eine klasse Story die mit super kreativen R\u00e4tseln umgesetzt ist. Die Atmosph\u00e4re, die R\u00e4ume, die Details aber nicht zuletzt nat\u00fcrlich auch das Personal, da stimmt einfach alles von der Beratung\/Buchung bis zum Finale.<\/p>\n                            <\/blockquote>\n                            <span class=\"reviews__author\">Thomas H.<\/span>\n                        <\/div>\n                                            <div class=\"slideshow__item\">\n                                                                                        <span class=\"reviews__stars reviews__stars--5\">5 Stars<\/span>\n                                                        <span class=\"reviews__topline\">Was die anderen sagen<\/span>\n                            <blockquote class=\"reviews__quote\">\n                                <p>Es hat uns wirklich super gefallen. Riesen Spass f\u00fcr alle. Liebe zum Detail und wirklich ein tolles Team welches einen dort empf\u00e4ngt. Wir kommen wieder.<\/p>\n                            <\/blockquote>\n                            <span class=\"reviews__author\">I. Ko<\/span>\n                        <\/div>\n                                    <\/div>\n            <\/div>\n                        <\/div>\n<\/div>\n\n\n<div class=\"module teaser teaser--image-text\">\n    <div class=\"container\">\n                    <div class=\"grid grid--vcenter\">\n    <div class=\"teaser__image size--8 size--t-7 size--tp-12\">\n            <\/div>\n    <div class=\"teaser__text size--4 size--t-5 size--tp-12\">\n        <span class=\"topline\"><\/span>\n        <h2><\/h2>\n                    <\/div>\n<\/div>\n            <\/div>\n<\/div>\n","protected":false},"excerpt":{"rendered":"","protected":false},"author":1,"featured_media":0,"parent":2716,"menu_order":91,"comment_status":"closed","ping_status":"closed","template":"","meta":{"_acf_changed":false,"footnotes":""},"class_list":["post-2683","page","type-page","status-publish","hentry"],"acf":[],"yoast_head":"<!-- This site is optimized with the Yoast SEO Premium plugin v21.3 (Yoast SEO v26.2) - https:\/\/yoast.com\/wordpress\/plugins\/seo\/ -->\n<title>Your Team Event in our Escape Rooms, directly on board of a ship<\/title>\n<meta name=\"description\" content=\"All information about your team event in our Escape Rooms on board the ships in the port of Hamburg. From 4 to 190 persons - we have the right offer!\" \/>\n<meta name=\"robots\" content=\"noindex, follow, max-snippet:-1, max-image-preview:large, max-video-preview:-1\" \/>\n<meta property=\"og:locale\" content=\"en_US\" \/>\n<meta property=\"og:type\" content=\"article\" \/>\n<meta property=\"og:title\" content=\"Team events\" \/>\n<meta property=\"og:description\" content=\"All information about your team event in our Escape Rooms on board the ships in the port of Hamburg. From 4 to 190 persons - we have the right offer!\" \/>\n<meta property=\"og:url\" content=\"https:\/\/hiddengames.wabcreative.de\/en\/escape-room-hamburg\/team-events\/\" \/>\n<meta property=\"og:site_name\" content=\"Hidden Games\" \/>\n<meta property=\"article:modified_time\" content=\"2023-07-18T14:43:28+00:00\" \/>\n<meta name=\"twitter:card\" content=\"summary_large_image\" \/>\n<script type=\"application\/ld+json\" class=\"yoast-schema-graph\">{\"@context\":\"https:\/\/schema.org\",\"@graph\":[{\"@type\":\"WebPage\",\"@id\":\"https:\/\/hiddengames.wabcreative.de\/en\/escape-room-hamburg\/team-events\/\",\"url\":\"https:\/\/hiddengames.wabcreative.de\/en\/escape-room-hamburg\/team-events\/\",\"name\":\"Your Team Event in our Escape Rooms, directly on board of a ship\",\"isPartOf\":{\"@id\":\"https:\/\/hiddengames.wabcreative.de\/en\/#website\"},\"datePublished\":\"2019-08-20T13:34:02+00:00\",\"dateModified\":\"2023-07-18T14:43:28+00:00\",\"description\":\"All information about your team event in our Escape Rooms on board the ships in the port of Hamburg. From 4 to 190 persons - we have the right offer!\",\"breadcrumb\":{\"@id\":\"https:\/\/hiddengames.wabcreative.de\/en\/escape-room-hamburg\/team-events\/#breadcrumb\"},\"inLanguage\":\"en-US\",\"potentialAction\":[{\"@type\":\"ReadAction\",\"target\":[\"https:\/\/hiddengames.wabcreative.de\/en\/escape-room-hamburg\/team-events\/\"]}]},{\"@type\":\"BreadcrumbList\",\"@id\":\"https:\/\/hiddengames.wabcreative.de\/en\/escape-room-hamburg\/team-events\/#breadcrumb\",\"itemListElement\":[{\"@type\":\"ListItem\",\"position\":1,\"name\":\"Home\",\"item\":\"https:\/\/hiddengames.wabcreative.de\/en\/\"},{\"@type\":\"ListItem\",\"position\":2,\"name\":\"Hamburg\",\"item\":\"https:\/\/hiddengames.wabcreative.de\/en\/escape-room-hamburg\/\"},{\"@type\":\"ListItem\",\"position\":3,\"name\":\"Team events\"}]},{\"@type\":\"WebSite\",\"@id\":\"https:\/\/hiddengames.wabcreative.de\/en\/#website\",\"url\":\"https:\/\/hiddengames.wabcreative.de\/en\/\",\"name\":\"Hidden Games\",\"description\":\"Escape Rooms in Germany and Switzerland\",\"publisher\":{\"@id\":\"https:\/\/hiddengames.wabcreative.de\/en\/#organization\"},\"potentialAction\":[{\"@type\":\"SearchAction\",\"target\":{\"@type\":\"EntryPoint\",\"urlTemplate\":\"https:\/\/hiddengames.wabcreative.de\/en\/?s={search_term_string}\"},\"query-input\":{\"@type\":\"PropertyValueSpecification\",\"valueRequired\":true,\"valueName\":\"search_term_string\"}}],\"inLanguage\":\"en-US\"},{\"@type\":\"Organization\",\"@id\":\"https:\/\/hiddengames.wabcreative.de\/en\/#organization\",\"name\":\"Hidden Games\",\"url\":\"https:\/\/hiddengames.wabcreative.de\/en\/\",\"logo\":{\"@type\":\"ImageObject\",\"inLanguage\":\"en-US\",\"@id\":\"https:\/\/hiddengames.wabcreative.de\/en\/#\/schema\/logo\/image\/\",\"url\":\"https:\/\/www.hidden.games\/wp-content\/uploads\/2021\/03\/hidden_logo_emails_black.jpg\",\"contentUrl\":\"https:\/\/www.hidden.games\/wp-content\/uploads\/2021\/03\/hidden_logo_emails_black.jpg\",\"width\":350,\"height\":156,\"caption\":\"Hidden Games\"},\"image\":{\"@id\":\"https:\/\/hiddengames.wabcreative.de\/en\/#\/schema\/logo\/image\/\"}}]}<\/script>\n<!-- \/ Yoast SEO Premium plugin. -->","yoast_head_json":{"title":"Your Team Event in our Escape Rooms, directly on board of a ship","description":"All information about your team event in our Escape Rooms on board the ships in the port of Hamburg. From 4 to 190 persons - we have the right offer!","robots":{"index":"noindex","follow":"follow","max-snippet":"max-snippet:-1","max-image-preview":"max-image-preview:large","max-video-preview":"max-video-preview:-1"},"og_locale":"en_US","og_type":"article","og_title":"Team events","og_description":"All information about your team event in our Escape Rooms on board the ships in the port of Hamburg. From 4 to 190 persons - we have the right offer!","og_url":"https:\/\/hiddengames.wabcreative.de\/en\/escape-room-hamburg\/team-events\/","og_site_name":"Hidden Games","article_modified_time":"2023-07-18T14:43:28+00:00","twitter_card":"summary_large_image","schema":{"@context":"https:\/\/schema.org","@graph":[{"@type":"WebPage","@id":"https:\/\/hiddengames.wabcreative.de\/en\/escape-room-hamburg\/team-events\/","url":"https:\/\/hiddengames.wabcreative.de\/en\/escape-room-hamburg\/team-events\/","name":"Your Team Event in our Escape Rooms, directly on board of a ship","isPartOf":{"@id":"https:\/\/hiddengames.wabcreative.de\/en\/#website"},"datePublished":"2019-08-20T13:34:02+00:00","dateModified":"2023-07-18T14:43:28+00:00","description":"All information about your team event in our Escape Rooms on board the ships in the port of Hamburg. From 4 to 190 persons - we have the right offer!","breadcrumb":{"@id":"https:\/\/hiddengames.wabcreative.de\/en\/escape-room-hamburg\/team-events\/#breadcrumb"},"inLanguage":"en-US","potentialAction":[{"@type":"ReadAction","target":["https:\/\/hiddengames.wabcreative.de\/en\/escape-room-hamburg\/team-events\/"]}]},{"@type":"BreadcrumbList","@id":"https:\/\/hiddengames.wabcreative.de\/en\/escape-room-hamburg\/team-events\/#breadcrumb","itemListElement":[{"@type":"ListItem","position":1,"name":"Home","item":"https:\/\/hiddengames.wabcreative.de\/en\/"},{"@type":"ListItem","position":2,"name":"Hamburg","item":"https:\/\/hiddengames.wabcreative.de\/en\/escape-room-hamburg\/"},{"@type":"ListItem","position":3,"name":"Team events"}]},{"@type":"WebSite","@id":"https:\/\/hiddengames.wabcreative.de\/en\/#website","url":"https:\/\/hiddengames.wabcreative.de\/en\/","name":"Hidden Games","description":"Escape Rooms in Germany and Switzerland","publisher":{"@id":"https:\/\/hiddengames.wabcreative.de\/en\/#organization"},"potentialAction":[{"@type":"SearchAction","target":{"@type":"EntryPoint","urlTemplate":"https:\/\/hiddengames.wabcreative.de\/en\/?s={search_term_string}"},"query-input":{"@type":"PropertyValueSpecification","valueRequired":true,"valueName":"search_term_string"}}],"inLanguage":"en-US"},{"@type":"Organization","@id":"https:\/\/hiddengames.wabcreative.de\/en\/#organization","name":"Hidden Games","url":"https:\/\/hiddengames.wabcreative.de\/en\/","logo":{"@type":"ImageObject","inLanguage":"en-US","@id":"https:\/\/hiddengames.wabcreative.de\/en\/#\/schema\/logo\/image\/","url":"https:\/\/www.hidden.games\/wp-content\/uploads\/2021\/03\/hidden_logo_emails_black.jpg","contentUrl":"https:\/\/www.hidden.games\/wp-content\/uploads\/2021\/03\/hidden_logo_emails_black.jpg","width":350,"height":156,"caption":"Hidden Games"},"image":{"@id":"https:\/\/hiddengames.wabcreative.de\/en\/#\/schema\/logo\/image\/"}}]}},"_links":{"self":[{"href":"https:\/\/hiddengames.wabcreative.de\/en\/wp-json\/wp\/v2\/pages\/2683","targetHints":{"allow":["GET"]}}],"collection":[{"href":"https:\/\/hiddengames.wabcreative.de\/en\/wp-json\/wp\/v2\/pages"}],"about":[{"href":"https:\/\/hiddengames.wabcreative.de\/en\/wp-json\/wp\/v2\/types\/page"}],"author":[{"embeddable":true,"href":"https:\/\/hiddengames.wabcreative.de\/en\/wp-json\/wp\/v2\/users\/1"}],"replies":[{"embeddable":true,"href":"https:\/\/hiddengames.wabcreative.de\/en\/wp-json\/wp\/v2\/comments?post=2683"}],"version-history":[{"count":5,"href":"https:\/\/hiddengames.wabcreative.de\/en\/wp-json\/wp\/v2\/pages\/2683\/revisions"}],"predecessor-version":[{"id":292198,"href":"https:\/\/hiddengames.wabcreative.de\/en\/wp-json\/wp\/v2\/pages\/2683\/revisions\/292198"}],"up":[{"embeddable":true,"href":"https:\/\/hiddengames.wabcreative.de\/en\/wp-json\/wp\/v2\/pages\/2716"}],"wp:attachment":[{"href":"https:\/\/hiddengames.wabcreative.de\/en\/wp-json\/wp\/v2\/media?parent=2683"}],"curies":[{"name":"wp","href":"https:\/\/api.w.org\/{rel}","templated":true}]}}